{"id":198,"date":"2024-07-12T08:44:21","date_gmt":"2024-07-12T08:44:21","guid":{"rendered":"https:\/\/eurofitness.com\/?page_id=198"},"modified":"2026-04-08T09:07:59","modified_gmt":"2026-04-08T09:07:59","slug":"trabaja-con-nosotros","status":"publish","type":"page","link":"https:\/\/eurofitness.com\/es\/trabaja-con-nosotros\/","title":{"rendered":"Trabaja con nosotros"},"content":{"rendered":"    <section class=\"hero-cover hero-cover-block wp-elements-7edf8149fcf96e3ddaf0ab4b34f33307 has-neutral-light-color\">\n        <div class=\"hero-cover__wrapper\">\n            \n            <div id=\"\" class=\"page-cover has-thumbnail has-header-shadow banner light-theme  full-width container\">\n                <div class=\"page-cover__container align-items-end\">\n                                            <div class=\"container heading-wrapper\">\n                            <div class=\"row add-row-gap\">\n                                <div class=\"col-12 col-lg-7 col-xl-5\">\n                                    <div class=\"page-cover__heading align-\">\n                                        <div class=\"page-cover__heading-wrapper\">\n\n                                            \n                                            <div class=\"page-cover__heading-headline\">\n                                                <h1 class=\"heading-hero\">Trabaja con nosotros<\/h1>                                                                                            <\/div>\n\n\n                                            \n                                        <\/div>\n                                                                            <\/div>\n                                <\/div>\n                                                            <\/div>\n                        <\/div>\n                                                                                            <div class=\"container-fluid page-cover-thumbnail__container\">\n                                    <div class=\"parallax-trigger page-cover-thumbnail\" data-magic=\"parallax\">\n        <picture class=\"page-cover__picture parallax-trigger__item\" data-item=\"parallax-item\">\n            <img loading=\"lazy\" decoding=\"async\" width=\"1440\" height=\"575\" src=\"https:\/\/eurofitness.com\/app\/uploads\/2024\/10\/cabecera_avisolegal_desktop.jpg\" class=\"attachment-full size-full\" alt=\"\" srcset=\"https:\/\/eurofitness.com\/app\/uploads\/2024\/10\/cabecera_avisolegal_desktop.jpg 1440w, https:\/\/eurofitness.com\/app\/uploads\/2024\/10\/cabecera_avisolegal_desktop-300x120.jpg 300w, https:\/\/eurofitness.com\/app\/uploads\/2024\/10\/cabecera_avisolegal_desktop-1024x409.jpg 1024w, https:\/\/eurofitness.com\/app\/uploads\/2024\/10\/cabecera_avisolegal_desktop-768x307.jpg 768w, https:\/\/eurofitness.com\/app\/uploads\/2024\/10\/cabecera_avisolegal_desktop-360x144.jpg 360w\" sizes=\"auto, (max-width: 1440px) 100vw, 1440px\" \/>        <\/picture>\n    <\/div>\n                            <\/div>\n                                                            <\/div>\n            <\/div>\n        <\/div>\n    <\/section>\n\n\n\n<div style=\"height:96px\" aria-hidden=\"true\" class=\"wp-block-spacer\"><\/div>\n\n\n\n<div class=\"wp-block-group is-layout-constrained wp-container-core-group-is-layout-14e97224 wp-block-group-is-layout-constrained\"><div class=\"wp-bootstrap-blocks-container container mb-0\">\n\t\n\n<p class=\"has-text-align-center has-body-xl-font-size\">Somos un grupo l\u00edder en el sector con m\u00e1s de 25 a\u00f1os de experiencia. Actualmente gestionamos 13 clubes, la mayor\u00eda ubicados en Catalu\u00f1a, y el resto, en Espa\u00f1a y Europa. Tambi\u00e9n destacamos por disponer de un Centro de Formaci\u00f3n propio homologado.<\/p>\n\n<\/div>\n<\/div>\n\n\n\n<div style=\"height:20px\" aria-hidden=\"true\" class=\"wp-block-spacer\"><\/div>\n\n\n\n<h2 class=\"wp-block-heading has-text-align-center has-heading-lg-font-size\" style=\"text-transform:uppercase\">\u00bfQui\u00e9res trabajar con nosotros?<\/h2>\n\n\n\n<div style=\"height:20px\" aria-hidden=\"true\" class=\"wp-block-spacer\"><\/div>\n\n\n\n<div class=\"wp-block-group is-layout-constrained wp-container-core-group-is-layout-14e97224 wp-block-group-is-layout-constrained\"><div class=\"wp-bootstrap-blocks-container container\">\n\t\n\n<p class=\"has-text-align-center has-body-xl-font-size\">Si quieres formar parte del equipo de t\u00e9cnicos de actividades dirigidas, env\u00edanos tu c.v. a <a href=\"mailto:treballambnosaltres@eurofitness.com\">treballambnosaltres@eurofitness.com<\/a> o completa el siguiente formulario.<\/p>\n\n<\/div>\n<\/div>\n\n\n\n<div class=\"wp-block-group is-layout-constrained wp-container-core-group-is-layout-68b45125 wp-block-group-is-layout-constrained\"><div class=\"wp-bootstrap-blocks-container container\">\n\t\n\n<div class=\"wp-block-contact-form-7-contact-form-selector\">\n<div class=\"wpcf7 no-js\" id=\"wpcf7-f1340-o1\" lang=\"es-ES\" dir=\"ltr\" data-wpcf7-id=\"1340\">\n<div class=\"screen-reader-response\"><p role=\"status\" aria-live=\"polite\" aria-atomic=\"true\"><\/p> <ul><\/ul><\/div>\n<form action=\"\/es\/wp-json\/wp\/v2\/pages\/198#wpcf7-f1340-o1\" method=\"post\" class=\"wpcf7-form init cf7mls-no-scroll cf7mls-auto-return-first-step cf7mls-no-moving-animation\" aria-label=\"Contact form\" enctype=\"multipart\/form-data\" novalidate=\"novalidate\" data-status=\"init\">\n<div style=\"display: none;\">\n<input type=\"hidden\" name=\"_wpcf7\" value=\"1340\" \/>\n<input type=\"hidden\" name=\"_wpcf7_version\" value=\"6.0.4\" \/>\n<input type=\"hidden\" name=\"_wpcf7_locale\" value=\"es_ES\" \/>\n<input type=\"hidden\" name=\"_wpcf7_unit_tag\" value=\"wpcf7-f1340-o1\" \/>\n<input type=\"hidden\" name=\"_wpcf7_container_post\" value=\"0\" \/>\n<input type=\"hidden\" name=\"_wpcf7_posted_data_hash\" value=\"\" \/>\n<\/div>\n<div class=\"container\">\n<div class=\"row\">\n<fieldset class=\"field-wrapper col-12\">\n    <label for=\"name\">Nombre y apellidos<\/label>\n    <span class=\"wpcf7-form-control-wrap\" data-name=\"your-name\"><input size=\"40\" maxlength=\"400\" class=\"wpcf7-form-control wpcf7-text wpcf7-validates-as-required\" id=\"name\" aria-required=\"true\" aria-invalid=\"false\" placeholder=\"Introduce tu nombre y apellidos\" value=\"\" type=\"text\" name=\"your-name\" \/><\/span><\/fieldset>\n<fieldset class=\"field-wrapper col-6\">\n    <label for=\"your-email\">Correo electr\u00f3nico<\/label>\n    <span class=\"wpcf7-form-control-wrap\" data-name=\"your-email\"><input size=\"40\" maxlength=\"400\" class=\"wpcf7-form-control wpcf7-email wpcf7-validates-as-required wpcf7-text wpcf7-validates-as-email\" id=\"email\" aria-required=\"true\" aria-invalid=\"false\" placeholder=\"Correo electr\u00f3nico\" value=\"\" type=\"email\" name=\"your-email\" \/><\/span>    \n<\/fieldset>\n<fieldset class=\"field-wrapper col-6\">\n    <label for=\"your-phone\">Tel\u00e9fono<\/label>\n    <span class=\"wpcf7-form-control-wrap\" data-name=\"your-phone\"><input size=\"40\" maxlength=\"400\" class=\"wpcf7-form-control wpcf7-tel wpcf7-validates-as-required wpcf7-text wpcf7-validates-as-tel\" id=\"phone\" aria-required=\"true\" aria-invalid=\"false\" placeholder=\"Tel\u00e9fono\" value=\"\" type=\"tel\" name=\"your-phone\" \/><\/span>\n<\/fieldset>\n<fieldset class=\"field-wrapper field-wrapper--textarea col-12\">\n    <label for=\"your-message\">Mensaje<\/label>\n    <span class=\"wpcf7-form-control-wrap\" data-name=\"your-message\"><textarea cols=\"40\" rows=\"10\" maxlength=\"2000\" class=\"wpcf7-form-control wpcf7-textarea wpcf7-validates-as-required\" id=\"message\" aria-required=\"true\" aria-invalid=\"false\" placeholder=\"Cu\u00e9ntanos algo sobre ti\" name=\"your-message\"><\/textarea><\/span>\n<\/fieldset>\n<fieldset class=\"field-wrapper field-wrapper--upload col-12\">\n    <div class=\"content\">\n        <label for=\"upload-cv\">Sube tu C.V. en formato PDF<span class=\"button dark size-xs\">Subir CV<\/span><\/label>\n        <span class=\"wpcf7-form-control-wrap\" data-name=\"upload-cv\"><input size=\"40\" class=\"wpcf7-form-control wpcf7-file wpcf7-validates-as-required d-none\" id=\"upload-cv\" accept=\".pdf\" aria-required=\"true\" aria-invalid=\"false\" type=\"file\" name=\"upload-cv\" \/><\/span>\n        <span class=\"uploaded-file\"><\/span>\n    <\/div>\n<\/fieldset>\n<fieldset class=\"field-wrapper field-wrapper--checkbox col-12\">\n    <span class=\"wpcf7-form-control-wrap\" data-name=\"acceptance-policy\"><span class=\"wpcf7-form-control wpcf7-acceptance\"><span class=\"wpcf7-list-item\"><label><input type=\"checkbox\" name=\"acceptance-policy\" value=\"1\" id=\"acceptance\" aria-invalid=\"false\" \/><span class=\"wpcf7-list-item-label\">He le\u00eddo y acepto los <a href=\"\" target=\"_blank\">t\u00e9rminos del sitio web<\/a><\/span><\/label><\/span><\/span><\/span>\n<\/fieldset>\n<div class=\"field-wrapper field-wrapper--contact-submit col-12\">\n<div class=\"d-none\">\n    <span class=\"wpcf7-form-control-wrap\" data-name=\"your-message-2\"><textarea cols=\"40\" rows=\"10\" maxlength=\"1\" class=\"wpcf7-form-control wpcf7-textarea wpcf7-validates-as-required\" aria-required=\"true\" aria-invalid=\"false\" name=\"your-message-2\">h<\/textarea><\/span>\n<\/div>\n<input class=\"wpcf7-form-control wpcf7-submit has-spinner button accent size-lg w-100\" type=\"submit\" value=\"Enviar\" \/>\n<\/div>\n<\/div>\n<\/div><p style=\"display: none !important;\" class=\"akismet-fields-container\" data-prefix=\"_wpcf7_ak_\"><label>&#916;<textarea name=\"_wpcf7_ak_hp_textarea\" cols=\"45\" rows=\"8\" maxlength=\"100\"><\/textarea><\/label><input type=\"hidden\" id=\"ak_js_1\" name=\"_wpcf7_ak_js\" value=\"163\"\/><script>document.getElementById( \"ak_js_1\" ).setAttribute( \"value\", ( new Date() ).getTime() );<\/script><\/p><input type='hidden' class='wpcf7-pum' value='{\"closepopup\":false,\"closedelay\":0,\"openpopup\":false,\"openpopup_id\":0}' \/><div class=\"wpcf7-response-output\" aria-hidden=\"true\"><\/div>\n<\/form>\n<\/div>\n<\/div>\n\n<\/div>\n<\/div>\n\n\n\n<div style=\"height:144px\" aria-hidden=\"true\" class=\"wp-block-spacer\"><\/div>\n\n\n\n<h2 class=\"wp-block-heading has-text-align-center has-heading-lg-font-size\" style=\"text-transform:uppercase\">Se requiere el siguiente perfil<\/h2>\n\n\n\n<div style=\"height:20px\" aria-hidden=\"true\" class=\"wp-block-spacer\"><\/div>\n\n\n\n<div class=\"wp-block-group is-layout-constrained wp-container-core-group-is-layout-2b9cdeb8 wp-block-group-is-layout-constrained\"><div class=\"wp-bootstrap-blocks-container container\">\n\t\n\n<div class=\"wp-block-columns is-layout-flex wp-container-core-columns-is-layout-9d6595d7 wp-block-columns-is-layout-flex\">\n<div class=\"wp-block-column is-layout-flow wp-block-column-is-layout-flow\">\n<p class=\"has-body-xl-font-size\"><strong>Titulaci\u00f3n: <\/strong>Licenciatura en Ciencias de la Actividad F\u00edsica y el Deporte, o Grado Superior de Animaci\u00f3n de Actividades F\u00edsicas y Deportivas, o si se est\u00e1 en posesi\u00f3n de la habilitaci\u00f3n correspondiente.<\/p>\n<\/div>\n\n\n\n<div class=\"wp-block-column is-layout-flow wp-block-column-is-layout-flow\">\n<p class=\"has-body-xl-font-size\"><strong>Especialistas en las siguientes disciplinas:<\/strong> Actividades dirigidas coreografiadas y no coreografiadas. Haber impartido clases de Body Combat y \/ o Body Pump y otras especialidades como cycling y actividades acu\u00e1ticas.<\/p>\n<\/div>\n<\/div>\n\n<\/div>\n<\/div>\n\n\n\n<div style=\"height:100px\" aria-hidden=\"true\" class=\"wp-block-spacer\"><\/div>\n\n\n\n<div class=\"wp-block-group is-layout-constrained wp-container-core-group-is-layout-826ce4b2 wp-block-group-is-layout-constrained\"><div class=\"wp-bootstrap-blocks-container container\">\n\t\n\n<p class=\"has-text-align-center has-body-xl-font-size\"><strong>Nuestra empresa dota al personal t\u00e9cnico de un reciclaje continuo en las materias y actividades<\/strong><\/p>\n\n<\/div>\n<\/div>\n\n\n\n<div style=\"height:20px\" aria-hidden=\"true\" class=\"wp-block-spacer\"><\/div>\n\n\n\n<h2 class=\"wp-block-heading has-text-align-center has-heading-xl-font-size\" style=\"text-transform:uppercase\">Tenemos mucho para ofrecerte <br><mark style=\"background-color:rgba(0, 0, 0, 0)\" class=\"has-inline-color has-primary-color\">Las personas, nuestra fuerza<\/mark><\/h2>\n\n\n\n<div style=\"height:160px\" aria-hidden=\"true\" class=\"wp-block-spacer\"><\/div>\n","protected":false},"excerpt":{"rendered":"<p>\u00bfQui\u00e9res trabajar con nosotros? Se requiere el siguiente perfil Tenemos mucho para ofrecerte Las personas, nuestra fuerza<\/p>\n","protected":false},"author":1,"featured_media":0,"parent":0,"menu_order":7,"comment_status":"closed","ping_status":"closed","template":"","meta":{"_acf_changed":false,"footnotes":""},"class_list":["post-198","page","type-page","status-publish","hentry"],"acf":[],"_links":{"self":[{"href":"https:\/\/eurofitness.com\/es\/wp-json\/wp\/v2\/pages\/198","targetHints":{"allow":["GET"]}}],"collection":[{"href":"https:\/\/eurofitness.com\/es\/wp-json\/wp\/v2\/pages"}],"about":[{"href":"https:\/\/eurofitness.com\/es\/wp-json\/wp\/v2\/types\/page"}],"author":[{"embeddable":true,"href":"https:\/\/eurofitness.com\/es\/wp-json\/wp\/v2\/users\/1"}],"replies":[{"embeddable":true,"href":"https:\/\/eurofitness.com\/es\/wp-json\/wp\/v2\/comments?post=198"}],"version-history":[{"count":31,"href":"https:\/\/eurofitness.com\/es\/wp-json\/wp\/v2\/pages\/198\/revisions"}],"predecessor-version":[{"id":47595,"href":"https:\/\/eurofitness.com\/es\/wp-json\/wp\/v2\/pages\/198\/revisions\/47595"}],"wp:attachment":[{"href":"https:\/\/eurofitness.com\/es\/wp-json\/wp\/v2\/media?parent=198"}],"curies":[{"name":"wp","href":"https:\/\/api.w.org\/{rel}","templated":true}]}}