{"id":215,"date":"2024-07-12T09:12:11","date_gmt":"2024-07-12T09:12:11","guid":{"rendered":"https:\/\/eurofitness.com\/?page_id=215"},"modified":"2024-12-02T09:30:59","modified_gmt":"2024-12-02T09:30:59","slug":"aviso-legal","status":"publish","type":"page","link":"https:\/\/eurofitness.com\/es\/aviso-legal\/","title":{"rendered":"Aviso legal"},"content":{"rendered":"    <section class=\"hero-cover hero-cover-block wp-elements-ed22a03807786d62f0bc55279b9b8565 has-neutral-light-color\">\n        <div class=\"hero-cover__wrapper\">\n            \n            <div id=\"\" class=\"page-cover has-header-shadow banner light-theme  full-width container\">\n                <div class=\"page-cover__container align-items-end\">\n                                            <div class=\"container heading-wrapper\">\n                            <div class=\"row add-row-gap\">\n                                <div class=\"col-12 \">\n                                    <div class=\"page-cover__heading align-\">\n                                        <div class=\"page-cover__heading-wrapper\">\n\n                                            \n                                            <div class=\"page-cover__heading-headline\">\n                                                <h1 class=\"heading-hero\">Aviso legal<\/h1>                                                                                            <\/div>\n\n\n                                            \n                                        <\/div>\n                                                                            <\/div>\n                                <\/div>\n                                                            <\/div>\n                        <\/div>\n                                                                                                    <\/div>\n            <\/div>\n        <\/div>\n    <\/section>\n\n\n\n<div style=\"height:96px\" aria-hidden=\"true\" class=\"wp-block-spacer\"><\/div>\n\n\n\n<div class=\"wp-block-group is-layout-constrained wp-block-group-is-layout-constrained\"><div class=\"wp-bootstrap-blocks-container container container-blog\">\n\t\n\n<h3 class=\"wp-block-heading has-heading-md-font-size\" style=\"font-style:normal;font-weight:700\"><strong>INFORMACI\u00d3N GENERAL<\/strong><\/h3>\n\n\n\n<div style=\"height:20px\" aria-hidden=\"true\" class=\"wp-block-spacer\"><\/div>\n\n\n\n<p class=\"has-open-sans-font-family has-body-xl-font-size\">En cumplimiento de lo que prev\u00e9 la Ley 34\/2002 del 11 de julio, de Servicios de la Sociedad de la Informaci\u00f3n y Comercio electr\u00f3nico (LSSICE) informamos a nuestros usuarios que \u00e9sta es la p\u00e1gina web de UBAEFITNESS, S.L. los datos identificativos de \u00e9sta se detallan a continuaci\u00f3n:<\/p>\n\n\n\n<p class=\"has-open-sans-font-family has-body-xl-font-size\">TITULAR DEL WEB: Ubaefitness, S.L.<br>DIRECCI\u00d3N: C\/ Venus, 8 08012 Barcelona 08012<br>E-MAIL:&nbsp;<a href=\"mailto:info@eurofitness.com\">info@eurofitness.com<\/a><br>Tel\u00e9fonos: +34 902 222 002<br>NIF: B-61652376<\/p>\n\n\n\n<div style=\"height:20px\" aria-hidden=\"true\" class=\"wp-block-spacer\"><\/div>\n\n\n\n<h3 class=\"wp-block-heading has-heading-md-font-size\"><strong>COOKIES<\/strong><\/h3>\n\n\n\n<div style=\"height:20px\" aria-hidden=\"true\" class=\"wp-block-spacer\"><\/div>\n\n\n\n<p class=\"has-open-sans-font-family has-body-xl-font-size\">UBAEFITNESS, S.L. utiliza cookies y\/o otros medios an\u00e1logos de almacenaje de informaci\u00f3n que permita identificar a la persona f\u00edsica usuaria del sitio web.<\/p>\n\n\n\n<div style=\"height:20px\" aria-hidden=\"true\" class=\"wp-block-spacer\"><\/div>\n\n\n\n<h3 class=\"wp-block-heading has-heading-md-font-size\"><strong>PROPIEDAD INTELECTUAL<\/strong><\/h3>\n\n\n\n<div style=\"height:20px\" aria-hidden=\"true\" class=\"wp-block-spacer\"><\/div>\n\n\n\n<p class=\"has-open-sans-font-family has-body-xl-font-size\">UBAEFITNESS, S.L. es la titular exclusiva de todos los derechos de propiedad intelectual, industrial y an\u00e1logos que puedan recaer sobre el Sitio Web. As\u00ed mismo, quedan reservados a favor de de UBAEFITNESS, S.L. todos los derechos sobre cualquier tipo de contenido, servicios o elementos de su propiedad que se incorporen en el Sitio Web, incluyendo, a t\u00edtulo meramente enunciativo y no limitativo:<\/p>\n\n\n\n<ul class=\"wp-block-list\">\n<li class=\"has-open-sans-font-family has-body-xl-font-size\">Aquellos elementos que conforman la apariencia visual, imagen gr\u00e1fica de las p\u00e1ginas web que conforman el Sitio Web.<\/li>\n\n\n\n<li class=\"has-open-sans-font-family has-body-xl-font-size\">La arquitectura de navegaci\u00f3n.<\/li>\n\n\n\n<li class=\"has-open-sans-font-family has-body-xl-font-size\">Los c\u00f3digos fuente de las p\u00e0ginas web.<\/li>\n\n\n\n<li class=\"has-open-sans-font-family has-body-xl-font-size\">Im\u00e1genes.<\/li>\n\n\n\n<li class=\"has-open-sans-font-family has-body-xl-font-size\">Registros.<\/li>\n\n\n\n<li class=\"has-open-sans-font-family has-body-xl-font-size\">Programas de ordenador.<\/li>\n\n\n\n<li class=\"has-open-sans-font-family has-body-xl-font-size\">Base de datos.<\/li>\n\n\n\n<li class=\"has-open-sans-font-family has-body-xl-font-size\">Tecnolog\u00eda.<\/li>\n\n\n\n<li class=\"has-open-sans-font-family has-body-xl-font-size\">Logotipos y signos distintivos.<\/li>\n<\/ul>\n\n\n\n<p class=\"has-open-sans-font-family has-body-xl-font-size\">No obstante lo que se ha nombrado hasta ahora en este apartado, por lo que se refiere a las rese\u00f1as de servicios de terceros que puedan aparecer en la Web, UBAEFITNESS, S.L. reconoce a sus titulares los correspondientes derechos de propiedad Industrial e Intelectual, y por tanto, su aparici\u00f3n en esta web, no implica la existencia de derechos sobre las mismas.<\/p>\n\n\n\n<p class=\"has-open-sans-font-family has-body-xl-font-size\">UBAEFITNESS, S.L. se reserva el derecho de actualizar, modificar o eliminar informaci\u00f3n contenida en su web, as\u00ed como su configuraci\u00f3n o prestaciones, en cualquier momento.<\/p>\n\n\n\n<div style=\"height:20px\" aria-hidden=\"true\" class=\"wp-block-spacer\"><\/div>\n\n\n\n<h3 class=\"wp-block-heading has-heading-md-font-size\"><strong>RESERVA DE DERECHOS<\/strong><\/h3>\n\n\n\n<div style=\"height:20px\" aria-hidden=\"true\" class=\"wp-block-spacer\"><\/div>\n\n\n\n<p class=\"has-open-sans-font-family has-body-xl-font-size\">El usuario se compromete a no retirar, suprimir, alterar, manipular ni de ninguna manera modificar:<\/p>\n\n\n\n<ul class=\"wp-block-list\">\n<li class=\"has-open-sans-font-family has-body-xl-font-size\">Aquellas notas, leyendas, indicaciones o s\u00edmbolos que Ubaefitness, S.L. o los leg\u00edtimos titulares de los derechos incorporen.<\/li>\n\n\n\n<li class=\"has-open-sans-font-family has-body-xl-font-size\">Los dispositivos t\u00e9cnicos de protecci\u00f3n o identificaci\u00f3n que puedan contener los Contenidos (como por ejemplo, marcas de agua, huellas digitales, etc.).<\/li>\n<\/ul>\n\n\n\n<p class=\"has-open-sans-font-family has-body-xl-font-size\">UBAEFITNESS, S.L. autoriza a los usuarios a acceder y navegar en el Sitio Web, utilizando los servicios y visualizando los contenidos que all\u00ed se incorporen.<br>El acceso, visualizaci\u00f3n y, si acaso, descarga de los Contenidos y\/o Servicios se realizar\u00e1 siempre y en todo caso con finalidades estrictamente personales y no comerciales.<\/p>\n\n\n\n<div style=\"height:20px\" aria-hidden=\"true\" class=\"wp-block-spacer\"><\/div>\n\n\n\n<h3 class=\"wp-block-heading has-heading-md-font-size\"><strong>ENLACES<\/strong><\/h3>\n\n\n\n<div style=\"height:20px\" aria-hidden=\"true\" class=\"wp-block-spacer\"><\/div>\n\n\n\n<p class=\"has-open-sans-font-family has-body-xl-font-size\">Los usuarios y, en general, aquellas personas que se propongan establecer un enlace entre su p\u00e1gina web y el Sitio Web tendr\u00e1n de cumplir las condiciones siguientes que seguidamente se detallan. cualquier otra pretensi\u00f3n de enlace diferente de la estipulada en la presente cl\u00e1usula requerir\u00e1 la previa aceptaci\u00f3n por escrito de Ubaefitness, S.L.<br><br>En caso de obtener el consentimiento de Ubaefitness, S.L. Todo enlace de terceros a esta web tendr\u00e1 que ser en su p\u00e1gina principal o de entrada.<\/p>\n\n\n\n<p class=\"has-open-sans-font-family has-body-xl-font-size\">El usuario no podr\u00e1 reproducir, ni imitar, total o parcialmente, el contenido del Sitio Web, ni la apariencia gr\u00e1fica del mismo, (\u201clook and feel\u201d), ni realizar\u00e1 marcos (\u201cframes\u201d) ni enlaces ensamblados (\u201clink inline\u201d) de las p\u00e1ginas de Ubaefitness, S.L.<\/p>\n\n\n\n<p class=\"has-open-sans-font-family has-body-xl-font-size\">No se crear\u00e1 un browser, marco, ni un entorno o barra de navegaci\u00f3n sobre les p\u00e1ginas del sitio Web.<br><br>No se realizar\u00e1n manifestaciones o indicaciones falsas, inexactas, incorrectas o que menosprecien sobre el Sitio Web de Ubaefitness, S.L. y en particular, no se declarar\u00e1 ni dar\u00e1 a entender que Ubaefitness, S.L. colabora o es un socio colaborador y\/o que en cualquier forma ha supervisado o asumido de cualquier manera los contenidos o servicios ofrecidos o puestos a la disposici\u00f3n de la p\u00e1gina web en la que se establece el enlace.<br><br>La p\u00e1gina web en la que se establezca el enlace no contendr\u00e1 ninguna marca, nombre comercial, anuncio de establecimiento, denominaci\u00f3n, logotipo, eslogan u otros signos distintivos pertenecientes a Ubaefitness, SL a excepci\u00f3n hecha de aquellos signos que formen parte del mismo enlace o aquellas otras Propiedades que hayan estado licenciadas con anterioridad por escrito por Ubaefitness, S.L.<br><br>La p\u00e1gina web en la cual se establezca el enlace no contendr\u00e1 informaciones o contenidos il\u00edcitos, contrarios a la moral, a las buenas costumbres generalmente aceptadas, o al orden p\u00fablico.<br><br>Ubaefitness, S.L. se reserva el derecho de emprender las acciones legales que correspondan contra quien incumpla las siguientes prohibiciones.<br><br>Queda expresamente prohibido:<\/p>\n\n\n\n<ul class=\"wp-block-list\">\n<li class=\"has-open-sans-font-family has-body-xl-font-size\">Utilizar cualquiera de los contenidos y servicios con finalidades o efectos il\u00edcitos, prohibidos en la presente Informaci\u00f3n General, lesivos de los derechos e intereses de terceros, o que de cualquier forma puedan da\u00f1ar, inutilizar, sobrecargar, deteriorar o impedir la normal utilizaci\u00f3n de los servicios, los equipos inform\u00e1ticos o los documentos, archivos y toda clase de contenidos almacenados en cualquier equipo inform\u00e1tico de UBAEFITNESS,SL.<\/li>\n\n\n\n<li class=\"has-open-sans-font-family has-body-xl-font-size\">Utilizar contenidos y servicios que se encuentren protegidos por cualquier derecho de propiedad intelectual o industrial pertenecientes a Ubaefitness, S.L. o a terceros, sin que el usuario haya obtenido previamente de sus titulares la autorizaci\u00f3n necesaria para llevar a cabo el uso que efect\u00faa o pretende efectuar.<\/li>\n\n\n\n<li class=\"has-open-sans-font-family has-body-xl-font-size\">Reproducir, copiar, distribuir, comunicar, transformar o comunicar p\u00fablicamente los contenidos, salvo que se obtenga con la autorizaci\u00f3n del titular de los correspondientes derechos, o esto resulte legalmente permitido.<\/li>\n\n\n\n<li class=\"has-open-sans-font-family has-body-xl-font-size\">Incorporar virus u otros elementos f\u00edsicos o electr\u00f3nicos que puedan da\u00f1ar o impedir el normal funcionamiento de la red, del sistema o de equipos inform\u00e1ticos (hardware i software) de Ubaefitness, S.L. o de terceros o que puedan da\u00f1ar los documentos electr\u00f3nicos y archivos almacenados en estos equipos inform\u00e1ticos.<\/li>\n\n\n\n<li class=\"has-open-sans-font-family has-body-xl-font-size\">La obtenci\u00f3n o el intento de obtenci\u00f3n de los contenidos de la p\u00e1gina empleando para esto medios o procedimientos diferentes de los cuales, se hayan puesto a su disposici\u00f3n a este efecto.<\/li>\n<\/ul>\n\n\n\n<div style=\"height:20px\" aria-hidden=\"true\" class=\"wp-block-spacer\"><\/div>\n\n\n\n<h3 class=\"wp-block-heading has-heading-md-font-size\" style=\"text-transform:uppercase\"><strong>Informaci\u00f3n legal<\/strong><\/h3>\n\n\n\n<div style=\"height:20px\" aria-hidden=\"true\" class=\"wp-block-spacer\"><\/div>\n\n\n\n<p class=\"has-open-sans-font-family has-body-xl-font-size\">La cadena de clubs Eurofitness le informa que dispone de un fichero inscrito en el registro general de la Agencia de Protecci\u00f3n de Datos. Su finalidad es dar cumplimiento, por parte de la entidad, a los l\u00edcitos objetivos de la empresa, como la prestaci\u00f3n y comercializaci\u00f3n de sus servicios.<br><br>Haciendo clic en el bot\u00f3n \u201cenviar\u201d o \u201ccontinuar\u201d del correspondiente formulario, el usuario da su consentimiento a que se incluyan en el citado fichero los datos solicitados, que ser\u00e1n tratados con estricta confidencialidad , de acuerdo con la pol\u00edtica de privacidad y seguridad de la empresa, as\u00ed como con la Ley Org\u00e1nica 15\/1999 del 13 de diciembre. Le informamos que podr\u00e1 ejercer su derecho a acceder, rectificar y cancelar sus datos rellenando el correspondiente impreso, que podr\u00e1 solicitar, previa presentaci\u00f3n del DNI, a nuestro personal de atenci\u00f3n al cliente.<br><br>&nbsp;* La relaci\u00f3n de clubes est\u00e1 a disposici\u00f3n de los clientes que lo soliciten.<\/p>\n\n<\/div>\n<\/div>\n\n\n\n<div style=\"height:100px\" aria-hidden=\"true\" class=\"wp-block-spacer\"><\/div>\n\n\n\n<p><\/p>\n","protected":false},"excerpt":{"rendered":"","protected":false},"author":1,"featured_media":0,"parent":0,"menu_order":98,"comment_status":"closed","ping_status":"closed","template":"","meta":{"_acf_changed":false,"footnotes":""},"class_list":["post-215","page","type-page","status-publish","hentry"],"acf":[],"_links":{"self":[{"href":"https:\/\/eurofitness.com\/es\/wp-json\/wp\/v2\/pages\/215","targetHints":{"allow":["GET"]}}],"collection":[{"href":"https:\/\/eurofitness.com\/es\/wp-json\/wp\/v2\/pages"}],"about":[{"href":"https:\/\/eurofitness.com\/es\/wp-json\/wp\/v2\/types\/page"}],"author":[{"embeddable":true,"href":"https:\/\/eurofitness.com\/es\/wp-json\/wp\/v2\/users\/1"}],"replies":[{"embeddable":true,"href":"https:\/\/eurofitness.com\/es\/wp-json\/wp\/v2\/comments?post=215"}],"version-history":[{"count":5,"href":"https:\/\/eurofitness.com\/es\/wp-json\/wp\/v2\/pages\/215\/revisions"}],"predecessor-version":[{"id":4023,"href":"https:\/\/eurofitness.com\/es\/wp-json\/wp\/v2\/pages\/215\/revisions\/4023"}],"wp:attachment":[{"href":"https:\/\/eurofitness.com\/es\/wp-json\/wp\/v2\/media?parent=215"}],"curies":[{"name":"wp","href":"https:\/\/api.w.org\/{rel}","templated":true}]}}