{"id":217,"date":"2024-07-12T09:13:58","date_gmt":"2024-07-12T09:13:58","guid":{"rendered":"https:\/\/eurofitness.com\/?page_id=217"},"modified":"2024-12-02T09:16:32","modified_gmt":"2024-12-02T09:16:32","slug":"cookies","status":"publish","type":"page","link":"https:\/\/eurofitness.com\/es\/cookies\/","title":{"rendered":"Cookies"},"content":{"rendered":"    <section class=\"hero-cover hero-cover-block wp-elements-ed22a03807786d62f0bc55279b9b8565 has-neutral-light-color\">\n        <div class=\"hero-cover__wrapper\">\n            \n            <div id=\"\" class=\"page-cover has-header-shadow banner light-theme  full-width container\">\n                <div class=\"page-cover__container align-items-end\">\n                                            <div class=\"container heading-wrapper\">\n                            <div class=\"row add-row-gap\">\n                                <div class=\"col-12 \">\n                                    <div class=\"page-cover__heading align-\">\n                                        <div class=\"page-cover__heading-wrapper\">\n\n                                            \n                                            <div class=\"page-cover__heading-headline\">\n                                                <h1 class=\"heading-hero\">Cookies<\/h1>                                                                                            <\/div>\n\n\n                                            \n                                        <\/div>\n                                                                            <\/div>\n                                <\/div>\n                                                            <\/div>\n                        <\/div>\n                                                                                                    <\/div>\n            <\/div>\n        <\/div>\n    <\/section>\n\n\n\n<div style=\"height:100px\" aria-hidden=\"true\" class=\"wp-block-spacer\"><\/div>\n\n\n<div class=\"wp-bootstrap-blocks-container container container-blog\">\n\t\n\n<p class=\"has-open-sans-font-family has-body-xl-font-size\">\u00bfAcepta el uso de cookies en este sitio web? www.eurofitness.com solicita su permiso para recabar datos estad\u00edsticos an\u00f3nimos durante la navegaci\u00f3n en este sitio web, conforme al Real Decreto Ley 13\/2012. Para m\u00e1s informaci\u00f3n consulte la pol\u00edtica de privacidad y la pol\u00edtica de cookies. No hay nada malo en ellas.<\/p>\n\n\n\n<h3 class=\"wp-block-heading has-heading-md-font-size\" style=\"text-transform:uppercase\">\u00bfQu\u00e9 es una cookie?<\/h3>\n\n\n\n<p class=\"has-open-sans-font-family has-body-xl-font-size\">Una cookie es un peque\u00f1o archivo de letras y cifras que se descarga en su ordenador al acceder a determinados sitios web. Las cookies permiten a un sitio web reconocer el navegador de un usuario y no contienen ni recopilan informaci\u00f3n. Las cookies se utilizan en la publicidad basada en el comportamiento para identificar usuarios que comparten un determinado inter\u00e9s, de manera que los puedan ofrecer anuncios m\u00e1s relevantes.<\/p>\n\n\n\n<p class=\"has-open-sans-font-family has-body-xl-font-size\">El sitio Web&nbsp;<a href=\"https:\/\/www.eurofitness.com\/\">www.eurofitness.com<\/a>&nbsp;utiliza dos tipos de cookies:<\/p>\n\n\n\n<ul class=\"wp-block-list\">\n<li class=\"has-open-sans-font-family has-body-xl-font-size\">Cookies de primeras partes: son cookies estrictamente necesarias. Permiten la interactuaci\u00f3n del usuario por el sitio web utilizando todas sus funciones.<\/li>\n\n\n\n<li class=\"has-open-sans-font-family has-body-xl-font-size\">Cookies de rendimiento y an\u00e1lisis: son cookies utilizadas para el an\u00e1lisis, investigaci\u00f3n o estad\u00edsticas para mejorar la experiencia del sitio web. Mediante el uso de estas cookies se puede mostrar informaci\u00f3n m\u00e1s relevante a los visitantes<\/li>\n<\/ul>\n\n\n\n<h3 class=\"wp-block-heading has-heading-md-font-size\" style=\"text-transform:uppercase\">Como desactivar las cookies?<\/h3>\n\n\n\n<p class=\"has-open-sans-font-family has-body-xl-font-size\">Todos los navegadores permiten hacer cambios que permitan desactivar la configuraci\u00f3n de las cookies. Estos ajustes se encuentran ubicados en las \u201copciones\u201d o \u201cpreferencias\u201d del men\u00fa de su navegador.<\/p>\n\n\n\n<p class=\"has-open-sans-font-family has-body-xl-font-size\">A continuaci\u00f3n podr\u00e1 encontrar los links de cada navegador para desactivar las cookies siguiendo las instrucciones:<\/p>\n\n\n\n<p class=\"has-open-sans-font-family has-body-xl-font-size\"><a href=\"http:\/\/goo.gl\/ksN5y\">http:\/\/goo.gl\/ksN5y<\/a>&nbsp;(Internet Explorer)<br><a href=\"http:\/\/goo.gl\/F5pHX\">http:\/\/goo.gl\/F5pHX<\/a>&nbsp;(Mozilla Firefox)<br><a href=\"http:\/\/goo.gl\/8cAo\">http:\/\/goo.gl\/8cAo<\/a>&nbsp;(Google Chrome)<br><a href=\"http:\/\/goo.gl\/KFBFh\">http:\/\/goo.gl\/KFBFh<\/a>&nbsp;(Safari 5.1)<br>Si desea no ser rastreado por las cookies, Google ha desarrollado un complemento para instalar en su navegador al que puede acceder con el siguiente enlace:&nbsp;<a href=\"http:\/\/goo.gl\/KFBFh\">http:\/\/goo.gl\/KFBFh<\/a><\/p>\n\n<\/div>\n\n\n\n<div style=\"height:100px\" aria-hidden=\"true\" class=\"wp-block-spacer\"><\/div>\n","protected":false},"excerpt":{"rendered":"","protected":false},"author":1,"featured_media":0,"parent":0,"menu_order":100,"comment_status":"closed","ping_status":"closed","template":"","meta":{"_acf_changed":false,"footnotes":""},"class_list":["post-217","page","type-page","status-publish","hentry"],"acf":[],"_links":{"self":[{"href":"https:\/\/eurofitness.com\/es\/wp-json\/wp\/v2\/pages\/217","targetHints":{"allow":["GET"]}}],"collection":[{"href":"https:\/\/eurofitness.com\/es\/wp-json\/wp\/v2\/pages"}],"about":[{"href":"https:\/\/eurofitness.com\/es\/wp-json\/wp\/v2\/types\/page"}],"author":[{"embeddable":true,"href":"https:\/\/eurofitness.com\/es\/wp-json\/wp\/v2\/users\/1"}],"replies":[{"embeddable":true,"href":"https:\/\/eurofitness.com\/es\/wp-json\/wp\/v2\/comments?post=217"}],"version-history":[{"count":4,"href":"https:\/\/eurofitness.com\/es\/wp-json\/wp\/v2\/pages\/217\/revisions"}],"predecessor-version":[{"id":4015,"href":"https:\/\/eurofitness.com\/es\/wp-json\/wp\/v2\/pages\/217\/revisions\/4015"}],"wp:attachment":[{"href":"https:\/\/eurofitness.com\/es\/wp-json\/wp\/v2\/media?parent=217"}],"curies":[{"name":"wp","href":"https:\/\/api.w.org\/{rel}","templated":true}]}}