{"id":45295,"date":"2025-04-28T08:42:49","date_gmt":"2025-04-28T08:42:49","guid":{"rendered":"https:\/\/eurofitness.com\/?page_id=45295"},"modified":"2025-05-09T11:45:40","modified_gmt":"2025-05-09T11:45:40","slug":"preus-i-normatives","status":"publish","type":"page","link":"https:\/\/eurofitness.com\/es\/preus-i-normatives\/","title":{"rendered":"Preus i normatives"},"content":{"rendered":"    <section class=\"hero-cover hero-cover-block wp-elements-971fd5e8b9f7eee7d462f09ca7e0e73c has-neutral-950-color\">\n        <div class=\"hero-cover__wrapper\">\n            \n            <div id=\"\" class=\"page-cover has-thumbnail has-header-shadow banner light-theme  full-width container\">\n                <div class=\"page-cover__container align-items-start\">\n                                                                                            <div class=\"container-fluid page-cover-thumbnail__container\">\n                                    <div class=\"parallax-trigger page-cover-thumbnail\" data-magic=\"parallax\">\n        <picture class=\"page-cover__picture parallax-trigger__item\" data-item=\"parallax-item\">\n            <img loading=\"lazy\" decoding=\"async\" width=\"1442\" height=\"575\" src=\"https:\/\/eurofitness.com\/app\/uploads\/2025\/04\/preus.jpg\" class=\"attachment-full size-full\" alt=\"\" srcset=\"https:\/\/eurofitness.com\/app\/uploads\/2025\/04\/preus.jpg 1442w, https:\/\/eurofitness.com\/app\/uploads\/2025\/04\/preus-300x120.jpg 300w, https:\/\/eurofitness.com\/app\/uploads\/2025\/04\/preus-1024x408.jpg 1024w, https:\/\/eurofitness.com\/app\/uploads\/2025\/04\/preus-768x306.jpg 768w, https:\/\/eurofitness.com\/app\/uploads\/2025\/04\/preus-360x144.jpg 360w\" sizes=\"auto, (max-width: 1442px) 100vw, 1442px\" \/>        <\/picture>\n    <\/div>\n                            <\/div>\n                                                            <\/div>\n            <\/div>\n        <\/div>\n    <\/section>\n\n\n\n<div style=\"height:80px\" aria-hidden=\"true\" class=\"wp-block-spacer\"><\/div>\n\n\n\n<div class=\"wp-block-group is-layout-constrained wp-container-core-group-is-layout-b19b8825 wp-block-group-is-layout-constrained\"><div class=\"wp-bootstrap-blocks-container container mb-0\">\n\t\n\n<p class=\"has-text-align-center\">TEMPORADA 2025<\/p>\n\n\n\n<h1 class=\"wp-block-heading has-text-align-center\">Preus i Normatives<\/h1>\n\n\n\n<h4 class=\"wp-block-heading has-text-align-center\">LLAC EUROFITNESS CAN DRAG\u00d3<\/h4>\n\n<\/div>\n<\/div>\n\n\n\n<div style=\"height:60px\" aria-hidden=\"true\" class=\"wp-block-spacer\"><\/div>\n\n\n\n<div class=\"wp-block-group is-layout-constrained wp-container-core-group-is-layout-b19b8825 wp-block-group-is-layout-constrained\"><div class=\"wp-bootstrap-blocks-container container mb-0\">\n\t\n\n<p class=\"has-text-align-center\">PREUS<\/p>\n\n\n\n<div class=\"wp-block-separator has-text-color has-primary-color has-alpha-channel-opacity has-primary-background-color has-background is-style-wide\"><\/div>\n\n<\/div>\n<\/div>\n\n\n\n<div style=\"height:12px\" aria-hidden=\"true\" class=\"wp-block-spacer\"><\/div>\n\n\n\n<div class=\"wp-block-group is-layout-constrained wp-container-core-group-is-layout-b19b8825 wp-block-group-is-layout-constrained\">\n<p class=\"has-secondary-color has-text-color has-link-color has-heading-md-font-size wp-elements-ea5f0e545d365f67ecd759cb7d9d4070\">Entrades d&#8217;utilitzaci\u00f3 puntual<\/p>\n\n\n\n<figure class=\"wp-block-table is-style-stripes\"><table class=\"has-fixed-layout\"><thead><tr><th>Infantil de 0 a 5 anys<\/th><th><\/th><\/tr><\/thead><tbody><tr><td>Asseguran\u00e7a<\/td><td>2,70 \u20ac<\/td><\/tr><\/tbody><\/table><\/figure>\n\n\n\n<div style=\"height:20px\" aria-hidden=\"true\" class=\"wp-block-spacer\"><\/div>\n\n\n\n<figure class=\"wp-block-table is-style-stripes\"><table class=\"has-fixed-layout\"><thead><tr><th>Infantil de 6 a 14 anys i Tarjeta Rosa<\/th><th><\/th><\/tr><\/thead><tbody><tr><td>Feiners, dissabte i festius<\/td><td>6,70 \u20ac<\/td><\/tr><\/tbody><\/table><\/figure>\n\n\n\n<div style=\"height:20px\" aria-hidden=\"true\" class=\"wp-block-spacer\"><\/div>\n\n\n\n<figure class=\"wp-block-table is-style-stripes\"><table class=\"has-fixed-layout\"><thead><tr><th>Adults<\/th><th><\/th><\/tr><\/thead><tbody><tr><td>Feiners, dissabte i festius<\/td><td>9,60 \u20ac<\/td><\/tr><\/tbody><\/table><\/figure>\n<\/div>\n\n\n\n<div style=\"height:80px\" aria-hidden=\"true\" class=\"wp-block-spacer\"><\/div>\n\n\n\n<div class=\"wp-block-group is-layout-constrained wp-container-core-group-is-layout-b19b8825 wp-block-group-is-layout-constrained\">\n<p class=\"has-secondary-color has-text-color has-link-color has-heading-md-font-size wp-elements-d2f8ed0b6db33ff2534caaa9801df9d0\">Abonaments<\/p>\n\n\n\n<figure class=\"wp-block-table is-style-stripes\"><table class=\"has-fixed-layout\"><thead><tr><th>Infantil de 0 a 5 anys<\/th><th><\/th><\/tr><\/thead><tbody><tr><td>Asseguran\u00e7a<\/td><td>27 \u20ac<\/td><\/tr><\/tbody><\/table><\/figure>\n\n\n\n<div style=\"height:20px\" aria-hidden=\"true\" class=\"wp-block-spacer\"><\/div>\n\n\n\n<figure class=\"wp-block-table is-style-stripes\"><table class=\"has-fixed-layout\"><thead><tr><th>Infantil de 6 a 14 anys i Tarjeta Rosa<\/th><th><\/th><\/tr><\/thead><tbody><tr><td>10 banys<\/td><td>38 \u20ac<\/td><\/tr><tr><td>Mensual<\/td><td>56,80 \u20ac<\/td><\/tr><tr><td>Temporada<\/td><td>123,40 \u20ac<\/td><\/tr><\/tbody><\/table><\/figure>\n\n\n\n<div style=\"height:20px\" aria-hidden=\"true\" class=\"wp-block-spacer\"><\/div>\n\n\n\n<figure class=\"wp-block-table is-style-stripes\"><table class=\"has-fixed-layout\"><thead><tr><th>Adults<\/th><th><\/th><\/tr><\/thead><tbody><tr><td>10 banys<\/td><td>60,85 \u20ac<\/td><\/tr><tr><td>Mensual<\/td><td>80 \u20ac<\/td><\/tr><tr><td>Temporada<\/td><td>187,80 \u20ac<\/td><\/tr><\/tbody><\/table><\/figure>\n\n\n\n<div style=\"height:20px\" aria-hidden=\"true\" class=\"wp-block-spacer\"><\/div>\n\n\n\n<figure class=\"wp-block-table is-style-stripes\"><table class=\"has-fixed-layout\"><thead><tr><th><\/th><th><\/th><\/tr><\/thead><tbody><tr><td>Casals (preu per nen)<\/td><td>3,45 \u20ac<\/td><\/tr><\/tbody><\/table><\/figure>\n\n\n\n<figure class=\"wp-block-table is-style-stripes\"><table class=\"has-fixed-layout\"><thead><tr><th><\/th><th><\/th><\/tr><\/thead><tbody><tr><td>Abonament familiar.<br><em>Preu mensual. Acc\u00e9s il\u00b7limitat al llac i al club.<\/em><\/td><td>127,30 \u20ac<\/td><\/tr><\/tbody><\/table><\/figure>\n<\/div>\n\n\n\n<div class=\"wp-block-group is-layout-constrained wp-container-core-group-is-layout-b19b8825 wp-block-group-is-layout-constrained\">\n<div style=\"height:20px\" aria-hidden=\"true\" class=\"wp-block-spacer\"><\/div>\n\n\n\n<p><em>Consulta\u2019n les condicions i promocions a la recepci\u00f3 del club<\/em><\/p>\n\n\n\n<p>Per a qualsevol altra reserva, poseu-vos en contacte amb el club a trav\u00e9s del mail: <a href=\"mailto:reserves.llac.candrago@eurofitness.com\">reserves.llac.candrago@eurofitness.com<\/a><\/p>\n<\/div>\n\n\n\n<div class=\"wp-block-group is-layout-constrained wp-container-core-group-is-layout-b19b8825 wp-block-group-is-layout-constrained\"><div class=\"wp-bootstrap-blocks-container container mb-0\">\n\t\n\n<div style=\"height:100px\" aria-hidden=\"true\" class=\"wp-block-spacer\"><\/div>\n\n\n\n<p class=\"has-text-align-center\">NORMATIVA D&#8217;\u00daS DEL LLAC<\/p>\n\n\n\n<div class=\"wp-block-separator has-text-color has-primary-color has-alpha-channel-opacity has-primary-background-color has-background is-style-wide\"><\/div>\n\n\n\n<div style=\"height:40px\" aria-hidden=\"true\" class=\"wp-block-spacer\"><\/div>\n\n<\/div>\n<\/div>\n\n\n\n<div class=\"wp-block-group is-layout-constrained wp-container-core-group-is-layout-b19b8825 wp-block-group-is-layout-constrained\">\n<p>El Centre no es fa responsable dels objectes dipositats a la platja de piscina.<\/p>\n\n\n\n<p>Cal tenir un comportament c\u00edvic dins les instal\u00b7lacions, aix\u00ed com respectar en tot moment les indicacions del socorrista i personal autoritzat; aix\u00ed com totes les pautes de conducta fixades en la present normativa; en cas contrari la Direcci\u00f3 del recinte i el personal autoritzat podr\u00e0 expulsar el banyista.<\/p>\n\n\n\n<p>En cas de sobrepassar l\u2019aforament m\u00e0xim establert, que est\u00e0 indicat a la porta d\u2019acc\u00e9s, es restringir\u00e0 l\u2019acc\u00e9s al recinte de piscina.<\/p>\n\n\n\n<p>Un cop abandonat el recinte, caldr\u00e0 tornar a abonar l\u2019import de l\u2019entrada en el cas que vulgueu tornar a accedir a la piscina.<\/p>\n\n\n\n<p>La Direcci\u00f3 pot donar l&#8217;ordre de desallotjar el recinte en cas de causa major.<\/p>\n\n\n\n<p>Per incid\u00e8ncies meteorol\u00f2giques i altres causes de for\u00e7a major alienes a l&#8217;empresa, no es far\u00e0 devoluci\u00f3 de l&#8217;import de les entrades.<\/p>\n\n\n\n<p class=\"has-primary-color has-text-color has-link-color wp-elements-6e59b99b56d44ed71bdd9c060cc264a4\"><strong>\u00c9s obligatori<\/strong><\/p>\n\n\n\n<ul class=\"wp-block-list\">\n<li>Fer \u00fas exclusivament de roba de bany.<\/li>\n\n\n\n<li>Dutxar-se abans de banyar-se.<\/li>\n\n\n\n<li>Fer servir les papereres que estan a la vostra disposici\u00f3.<\/li>\n\n\n\n<li>Els menors de 15 anys, aniran acompanyats per un adult respectant el seg\u00fcent criteri:<ul><li>2 nens\/es menors de 6 anys per adult<\/li><\/ul>\n<ul class=\"wp-block-list\">\n<li>4 nens\/es d\u2019entre 6 i 14 anys per adult<\/li>\n<\/ul>\n<\/li>\n\n\n\n<li>Seguir les indicacions del personal del centre.<\/li>\n<\/ul>\n\n\n\n<p class=\"has-primary-color has-text-color has-link-color wp-elements-b7d43d46de76f69f1f69003894326df9\"><strong>Es recomana<\/strong><\/p>\n\n\n\n<ul class=\"wp-block-list\">\n<li>Fer \u00fas de cremes de protecci\u00f3 solar; vigileu que aquestes no siguin perjudicials per a la qualitat de les aig\u00fces de les piscines.<\/li>\n\n\n\n<li>No c\u00f3rrer per la platja de la piscina ni tirar-se de cap.<\/li>\n\n\n\n<li>No abandonar les pertinences en cap moment.<\/li>\n\n\n\n<li>De dilluns a divendres la venda es realitzar\u00e0 amb targeta o a trav\u00e9s de la p\u00e0gina web<\/li>\n<\/ul>\n\n\n\n<p class=\"has-primary-color has-text-color has-link-color wp-elements-1384b20b17636884282d63467fde4cb3\"><strong>No es permet<\/strong><\/p>\n\n\n\n<ul class=\"wp-block-list\">\n<li>Banyar-se amb vestit, samarreta&#8230;<\/li>\n\n\n\n<li>Anar amb sabatilles de carrer per la platja de la piscina.<\/li>\n\n\n\n<li>Menjar a la gespa i a les platges, feu servir les zones habilitades.<\/li>\n\n\n\n<li>Utilitzar material inflable i cap tipus de material que no sigui d\u2019\u00fas individual.<\/li>\n\n\n\n<li>Cap tipus de joc ni activitat com saltar, emp\u00e8nyer i altres que puguin entorpir el normal funcionament de la piscina i destorbar als seus banyistes i usuaris.<\/li>\n\n\n\n<li>Jugar a pilota en tot el recinte.<\/li>\n\n\n\n<li>Entrar ampolles ni altres objectes de vidre al recinte de piscina.<\/li>\n\n\n\n<li>Entrar cadires, gandules i parasols o elements similars al recinte de piscina.<\/li>\n\n\n\n<li>L\u2019entrada de gossos i animals dom\u00e8stics, aix\u00ed com pilotes, bicicletes* o patins*.<\/li>\n\n\n\n<li>Banyar-se amb ulleres graduades i\/o de sol.<\/li>\n\n\n\n<li>L&#8217;\u00fas d&#8217;equips de so que no siguin individuals.<\/li>\n<\/ul>\n\n\n\n<p>* Deixar bicicletes i patins a l\u2019espai habilitat per a aquest fi amb cadenat propi<\/p>\n<\/div>\n\n\n\n<div class=\"wp-block-group is-layout-constrained wp-container-core-group-is-layout-b19b8825 wp-block-group-is-layout-constrained\">\n<div style=\"height:40px\" aria-hidden=\"true\" class=\"wp-block-spacer\"><\/div>\n\n\n\n<div class=\"wp-block-buttons is-content-justification-center is-layout-flex wp-container-core-buttons-is-layout-16018d1d wp-block-buttons-is-layout-flex\">\n<div class=\"wp-block-button has-custom-width wp-block-button__width-50\"><a class=\"wp-block-button__link has-accent-background-color has-background wp-element-button\" href=\"https:\/\/fasplatform.com\/candrago\/entrada-tiket\/\" style=\"border-radius:6px\">COMPRA AQU\u00cd LA TEVA ENTRADA<\/a><\/div>\n\n\n\n<div class=\"wp-block-button has-custom-width wp-block-button__width-50\"><a class=\"wp-block-button__link has-accent-background-color has-background wp-element-button\" href=\"https:\/\/fasplatform.com\/candrago\/entradamultiple\/\" style=\"border-radius:6px\">COMPRA AQU\u00cd EL TEU ABONAMENT<\/a><\/div>\n<\/div>\n<\/div>\n\n\n\n<div class=\"wp-block-group is-layout-constrained wp-container-core-group-is-layout-b19b8825 wp-block-group-is-layout-constrained\">\n<div style=\"height:40px\" aria-hidden=\"true\" class=\"wp-block-spacer\"><\/div>\n\n\n\n<p><em>L&#8217;organitzaci\u00f3 es reserva el dret de fer canvis al programa i a l&#8217;horari de l&#8217;esdeveniment per causes de for\u00e7a major i de darrera hora per un bon funcionament de l&#8217;esdeveniment.<\/em><\/p>\n<\/div>\n\n\n\n<div style=\"height:140px\" aria-hidden=\"true\" class=\"wp-block-spacer\"><\/div>\n","protected":false},"excerpt":{"rendered":"<p>Entrades d&#8217;utilitzaci\u00f3 puntual Infantil de 0 a 5 anys Asseguran\u00e7a 2,70 \u20ac Infantil de 6 a 14 anys i Tarjeta&#8230;<\/p>\n","protected":false},"author":2,"featured_media":0,"parent":0,"menu_order":0,"comment_status":"closed","ping_status":"closed","template":"","meta":{"_acf_changed":false,"footnotes":""},"class_list":["post-45295","page","type-page","status-publish","hentry"],"acf":[],"_links":{"self":[{"href":"https:\/\/eurofitness.com\/es\/wp-json\/wp\/v2\/pages\/45295","targetHints":{"allow":["GET"]}}],"collection":[{"href":"https:\/\/eurofitness.com\/es\/wp-json\/wp\/v2\/pages"}],"about":[{"href":"https:\/\/eurofitness.com\/es\/wp-json\/wp\/v2\/types\/page"}],"author":[{"embeddable":true,"href":"https:\/\/eurofitness.com\/es\/wp-json\/wp\/v2\/users\/2"}],"replies":[{"embeddable":true,"href":"https:\/\/eurofitness.com\/es\/wp-json\/wp\/v2\/comments?post=45295"}],"version-history":[{"count":8,"href":"https:\/\/eurofitness.com\/es\/wp-json\/wp\/v2\/pages\/45295\/revisions"}],"predecessor-version":[{"id":45418,"href":"https:\/\/eurofitness.com\/es\/wp-json\/wp\/v2\/pages\/45295\/revisions\/45418"}],"wp:attachment":[{"href":"https:\/\/eurofitness.com\/es\/wp-json\/wp\/v2\/media?parent=45295"}],"curies":[{"name":"wp","href":"https:\/\/api.w.org\/{rel}","templated":true}]}}