{"id":4596,"date":"2025-03-27T08:42:39","date_gmt":"2025-03-27T08:42:39","guid":{"rendered":"https:\/\/eurofitness.com\/?page_id=4596"},"modified":"2025-03-27T09:10:48","modified_gmt":"2025-03-27T09:10:48","slug":"implantacio-de-woffu","status":"publish","type":"page","link":"https:\/\/eurofitness.com\/es\/implantacio-de-woffu\/","title":{"rendered":"Implantaci\u00f3 de WOFFU"},"content":{"rendered":"    <section class=\"hero-cover hero-cover-block wp-elements-0507839be8ec12d1a29fc59dbfd9034f has-neutral-light-color\">\n        <div class=\"hero-cover__wrapper\">\n            \n            <div id=\"\" class=\"page-cover has-thumbnail has-header-shadow banner light-theme  full-width container\">\n                <div class=\"page-cover__container align-items-end\">\n                                            <div class=\"container heading-wrapper\">\n                            <div class=\"row add-row-gap\">\n                                <div class=\"col-12 col-lg-7 col-xl-5\">\n                                    <div class=\"page-cover__heading align-\">\n                                        <div class=\"page-cover__heading-wrapper\">\n\n                                            \n                                            <div class=\"page-cover__heading-headline\">\n                                                <h1 class=\"heading-hero\">Implantaci\u00f3 de WOFFU<\/h1>                                                                                            <\/div>\n\n\n                                            \n                                        <\/div>\n                                                                            <\/div>\n                                <\/div>\n                                                            <\/div>\n                        <\/div>\n                                                                                            <div class=\"container-fluid page-cover-thumbnail__container\">\n                                    <div class=\"parallax-trigger page-cover-thumbnail\" data-magic=\"parallax\">\n        <picture class=\"page-cover__picture parallax-trigger__item\" data-item=\"parallax-item\">\n            <img loading=\"lazy\" decoding=\"async\" width=\"1442\" height=\"575\" src=\"https:\/\/eurofitness.com\/app\/uploads\/2025\/03\/cabecera_ITACA_woffu_desktop.jpg\" class=\"attachment-full size-full\" alt=\"\" srcset=\"https:\/\/eurofitness.com\/app\/uploads\/2025\/03\/cabecera_ITACA_woffu_desktop.jpg 1442w, https:\/\/eurofitness.com\/app\/uploads\/2025\/03\/cabecera_ITACA_woffu_desktop-300x120.jpg 300w, https:\/\/eurofitness.com\/app\/uploads\/2025\/03\/cabecera_ITACA_woffu_desktop-1024x408.jpg 1024w, https:\/\/eurofitness.com\/app\/uploads\/2025\/03\/cabecera_ITACA_woffu_desktop-768x306.jpg 768w, https:\/\/eurofitness.com\/app\/uploads\/2025\/03\/cabecera_ITACA_woffu_desktop-360x144.jpg 360w\" sizes=\"auto, (max-width: 1442px) 100vw, 1442px\" \/>        <\/picture>\n    <\/div>\n                            <\/div>\n                                                            <\/div>\n            <\/div>\n        <\/div>\n    <\/section>\n\n\n<div class=\"wp-bootstrap-blocks-row row gx-5\">\n\t\n\n<div class=\"col-12\">\n\t\t\t<div class=\"custom-column-padding\">\n\t\t\t\n\n<p style=\"font-weight: 400;\">Des de Gener es va\u00a0\u00a0implementar un nou sistema per al marcatge d&#8217;hores, la gesti\u00f3 de vacances i el seguiment de la vostra activitat laboral. Aquest canvi t\u00e9 com a objectiu millorar la nostra efici\u00e8ncia operativa, facilitar la gesti\u00f3 del temps de treball i garantir un proc\u00e9s m\u00e9s transparent i f\u00e0cil d&#8217;utilitzar per a tots els membres de l&#8217;equip.<\/p>\n<p style=\"font-weight: 400;\">Qu\u00e8 implica aquest canvi?<\/p>\n<ol style=\"font-weight: 400;\">\n<li>Nou sistema de marcatge: el sistema de marcatge d&#8217;entrades i sortides ser\u00e0 gestionat a trav\u00e9s de WOFFU. Aquest sistema permetr\u00e0 un registre autom\u00e0tic i prec\u00eds de les hores treballades.<\/li>\n<li>Gesti\u00f3 de vacances: El nou sistema tamb\u00e9 permetr\u00e0 gestionar i sol\u00b7licitar les vacances de manera m\u00e9s senzilla i r\u00e0pida. Podreu veure el vostre saldo de vacances, sol\u00b7licitar-les i aprovar-les directament a trav\u00e9s de la plataforma.<\/li>\n<\/ol>\n<p style=\"font-weight: 400;\">Beneficis per a vosaltres:<\/p>\n<ul style=\"font-weight: 400;\">\n<li>M\u00e9s transpar\u00e8ncia: Podreu consultar en qualsevol moment el vostre temps treballat, les vacances disponibles i el vostre rendiment.<\/li>\n<li>Facilitat d&#8217;\u00fas: El sistema \u00e9s intu\u00eftiu i accessible des de qualsevol dispositiu.<\/li>\n<li>Major efici\u00e8ncia: Amb la digitalitzaci\u00f3 dels processos, s&#8217;agilitzaran tr\u00e0mits com la sol\u00b7licitud de vacances o el registre d&#8217;hores treballades.<\/li>\n<\/ul>\n<p style=\"font-weight: 400;\">Com funciona?<\/p>\n<p style=\"font-weight: 400;\">A continuaci\u00f3 trobareu una guia detallada amb instruccions espec\u00edfiques per utilitzar el sistema, aix\u00ed com un v\u00eddeo tutorial que us ajudar\u00e0 a familiaritzar-vos-hi.<\/p>\n<p style=\"font-weight: 400;\">LINK AL GUIA EMPLEAT DE WOFFU<\/p>\n<p style=\"font-weight: 400;\"><strong><em><a href=\"https:\/\/www.eurofitness.com\/docs\/Itaca_Eurofitness\/250101_Gui%cc%81a%20para%20el%20empleado_Woffu.pdf\">https:\/\/www.eurofitness.com\/docs\/Itaca_Eurofitness\/250101_Gui%cc%81a%20para%20el%20empleado_Woffu.pdf<\/a><\/em><br \/><\/strong><\/p>\n<p style=\"font-weight: 400;\">Moltes gr\u00e0cies per la vostra col\u00b7laboraci\u00f3 i comprensi\u00f3.<\/p>\n\n\t\t<\/div>\n\t<\/div>\n\n<\/div>\n","protected":false},"excerpt":{"rendered":"","protected":false},"author":2,"featured_media":4624,"parent":0,"menu_order":0,"comment_status":"closed","ping_status":"closed","template":"","meta":{"_acf_changed":false,"footnotes":""},"class_list":["post-4596","page","type-page","status-publish","has-post-thumbnail","hentry"],"acf":[],"_links":{"self":[{"href":"https:\/\/eurofitness.com\/es\/wp-json\/wp\/v2\/pages\/4596","targetHints":{"allow":["GET"]}}],"collection":[{"href":"https:\/\/eurofitness.com\/es\/wp-json\/wp\/v2\/pages"}],"about":[{"href":"https:\/\/eurofitness.com\/es\/wp-json\/wp\/v2\/types\/page"}],"author":[{"embeddable":true,"href":"https:\/\/eurofitness.com\/es\/wp-json\/wp\/v2\/users\/2"}],"replies":[{"embeddable":true,"href":"https:\/\/eurofitness.com\/es\/wp-json\/wp\/v2\/comments?post=4596"}],"version-history":[{"count":10,"href":"https:\/\/eurofitness.com\/es\/wp-json\/wp\/v2\/pages\/4596\/revisions"}],"predecessor-version":[{"id":4626,"href":"https:\/\/eurofitness.com\/es\/wp-json\/wp\/v2\/pages\/4596\/revisions\/4626"}],"wp:featuredmedia":[{"embeddable":true,"href":"https:\/\/eurofitness.com\/es\/wp-json\/wp\/v2\/media\/4624"}],"wp:attachment":[{"href":"https:\/\/eurofitness.com\/es\/wp-json\/wp\/v2\/media?parent=4596"}],"curies":[{"name":"wp","href":"https:\/\/api.w.org\/{rel}","templated":true}]}}