{"id":45993,"date":"2025-09-02T10:19:42","date_gmt":"2025-09-02T10:19:42","guid":{"rendered":"https:\/\/eurofitness.com\/?page_id=45993"},"modified":"2025-09-02T10:23:54","modified_gmt":"2025-09-02T10:23:54","slug":"normativa-eurofitness-el-sorrall","status":"publish","type":"page","link":"https:\/\/eurofitness.com\/es\/normativa-eurofitness-el-sorrall\/","title":{"rendered":"Normativa Eurofitness El Sorrall"},"content":{"rendered":"<div class=\"wp-bootstrap-blocks-row row\">\n\t\n\n<div class=\"col-12 col-md-12\">\n\t\t\t\n<div class=\"wp-bootstrap-blocks-row row\">\n\t\n\n<div class=\"col-12 col-md-12\">\n\t\t\t\n<div class=\"wp-bootstrap-blocks-container container-lg custom-block-spacing container-custom\">\n\t\n\n<h2 class=\"wp-block-heading heading-hero has-heading-xl-font-size\" style=\"text-transform:uppercase\">NORMATIVA Eurofitness Cem EL SORRALL<\/h2>\n\n\n\n<p>NORMES GENERALS<\/p>\n\n\n\n<ul class=\"wp-block-list\">\n<li>Els clients menors de 14 anys hauran d\u2019anar acompanyats en tot moment d\u2019un adult que se\u2019n faci responsable. Dels 14 als 16 anys hauran de dur una autoritzaci\u00f3 signada pel pare\/mare\/tutor.<\/li>\n<\/ul>\n\n\n\n<p>Nom\u00e9s podran fer \u00fas dels espais del centre que quedin determinats en la present normativa.<\/p>\n\n\n\n<ul class=\"wp-block-list\">\n<li>Els menors de 14 anys no poden abonar-se al centre, si els pares o tutors legals no s\u00f3n clients del centre.<\/li>\n\n\n\n<li>Per accedir a l\u2019interior del centre \u00e9s imprescindible:\n<ul class=\"wp-block-list\">\n<li>CLIENTS: tenir l\u2019acc\u00e9s codificat.<\/li>\n\n\n\n<li>CLIENTS PUNTUALS INDIVIDUALS: la corresponent entrada puntual i omplir el full de dades personals.<\/li>\n\n\n\n<li>CURSETS: tenir l\u2019acc\u00e9s codificat i\/o carnet cursetista.<\/li>\n\n\n\n<li>GRUPS: anar acompanyat d\u2019un responsable m\u00e9s gran de 18 anys i haver fet la corresponent reserva pr\u00e8via.<\/li>\n<\/ul>\n<\/li>\n\n\n\n<li><strong>INVITACI\u00d3<\/strong>: invitaci\u00f3 degudament emplenada.<\/li>\n\n\n\n<li>Cal respectar el centre. El fet de fer-ne un mal \u00fas i ocasionar desperfectes a la instal.laci\u00f3 i\/o material implica fer-ne la reposici\u00f3, i pot suposar una sanci\u00f3 especial segons ho decideixi l\u2019\u00f2rgan administratiu responsable del control de la gesti\u00f3.<\/li>\n\n\n\n<li>Tots els clients hauran de mantenir un comportament c\u00edvic i respectu\u00f3s amb el personal i la resta de clients a l\u2019interior del centre de fitness. Qualsevol incompliment pot suposar una sanci\u00f3 especial segons ho decideixi l\u2019\u00f2rgan administratiu responsable del control de la gesti\u00f3.<\/li>\n\n\n\n<li>El centre no es responsabilitza dels objectes malmesos, extraviats, sostrets o oblidats als vestidors, armariets o a l&#8217;interior del centre. Es recomana no dur objectes de valor al centre.<\/li>\n\n\n\n<li>Els clients hauran de respectar la modalitat d\u2019abonament a qu\u00e8 estiguin inscrits.<\/li>\n\n\n\n<li>Es recomana no fer servir el mateix cal\u00e7atdel carrer. Aix\u00ed mateix, cal fer servir roba esportiva adient per a cada activitat i servei.<\/li>\n\n\n\n<li>\u00c9s obligatori respectar els horaris establerts per a les diferents activitats. El centre es reserva el dret a modificar les activitats, els t\u00e8cnics i\/o horaris preestablerts.<\/li>\n\n\n\n<li>No es permet fer fotografies ni filmacions a tot el centre.<\/li>\n\n\n\n<li>No es permet fumar a tot el centre.<\/li>\n\n\n\n<li>No es permet l\u2019entrada d\u2019ampolles de vidre, llaunes ni menjar dins del centre, tret de terrasses, bars o zones especialment habilitades a aquest efecte.<\/li>\n\n\n\n<li>No es permet l\u2019entrada d\u2019animals dom\u00e8stics dins el centre.<\/li>\n\n\n\n<li>El fet de no respectar aquest reglament pot donar lloc a la suspensi\u00f3 del contracte.<\/li>\n<\/ul>\n\n\n\n<p><strong>ASPECTES ADMINISTRATIUS<\/strong><\/p>\n\n\n\n<ul class=\"wp-block-list\">\n<li>Per poder entrar al centre com a client, s\u2019haur\u00e0 d\u2019emplenar la sol.licitud corresponent i formalitzar la inscripci\u00f3.<\/li>\n\n\n\n<li>La forma de pagament \u00e9s obligat\u00f2riament banc\u00e0ria, amb car\u00e0cter mensual i els rebuts es tramiten al comen\u00e7ament de cada mes.<\/li>\n\n\n\n<li>Per donar-se de baixa de qualsevol modalitat d\u2019abonament o servei contractat s\u2019haur\u00e0 d\u2019avisar entre els dies 1 i el 15 de l&#8217;ultim mes en \u00fas; no fer-ho significar\u00e0 la no-devoluci\u00f3 de l\u2019import dels rebuts tramitats. Aquest tr\u00e0mit s\u2019haur\u00e0 de fer en l\u2019impr\u00e8s oficial i necess\u00e0riament al mateix centre de fitness.<\/li>\n<\/ul>\n\n\n\n<p>El no pagament dels rebuts retornats es requerir\u00e0 mitjan\u00e7ant sms, email o tel\u00e8fon. Si no es fa efectiu en el pla\u00e7 anunciat,es requerir\u00e0 el pagament per via executiva a trav\u00e9s de l&#8217;Organisme de Gesti\u00f3 Tribut\u00e0ria de la Diputaci\u00f3 de Barcelona.<\/p>\n\n\n\n<ul class=\"wp-block-list\">\n<li>El fet de donar-se de baixa implica la p\u00e8rdua de la quota d\u2019inscripci\u00f3.<\/li>\n\n\n\n<li>Per tal de formalitzar la baixa del servei cal adre\u00e7ar-se a la recepci\u00f3 del club i fer-ho operatiu, en qualsevol de les diverses opcions que te i de les quals ser\u00e0 degudament informat\/da.<\/li>\n\n\n\n<li>Quan el rebut d\u2019un client sigui retornat per la seva entitat banc\u00e0ria, s\u2019haur\u00e0 de fer c\u00e0rrec de les despeses banc\u00e0ries.<\/li>\n\n\n\n<li> Tots els clients que no abonin les respectives quotes no podran accedir al centre.<\/li>\n\n\n\n<li>Les quotes s\u2019actualitzen a principis d\u2019any segons els criteris de l\u2019\u00f2rgan administratiu competent.<\/li>\n\n\n\n<li>Amb la finalitat d\u2019agilitar els tr\u00e0mits administratius, sempre que un client canvi\u00ef les seves dades personals (adre\u00e7a i\/o tel\u00e8fon) o b\u00e9 les dades banc\u00e0ries, ha de notificar-ho per escrit a la recepci\u00f3 del centre entre els dies 1 i 15 de l&#8217;\u00faltim mes en \u00fas. En cas de no fer-ho, comportar\u00e0 l&#8217;emissi\u00f3 del rebut corresponent i, per tant, la no devoluci\u00f3 de l&#8217;import.<\/li>\n\n\n\n<li>En qualsevol moment el centre pot unilateralment donar noves normes, de compliment obligat per a tots els clients, per al millor funcionament del centre, com a complement o en substituci\u00f3 d\u2019aquestes.<\/li>\n\n\n\n<li> D\u2019acord amb el Reial Decret Legislatiu 2\/2004, de 5 de mar\u00e7, pel qual s&#8217;aprova el text ref\u00f3s de la llei reguladora de les hisendes locals, les tarifes amb naturalesa de preus p\u00fablics requereixen de la seva aprovaci\u00f3 per part de l\u2019ajuntament i permet el seu cobrament per via executiva en cas d\u2019impagaments. Per al desenvolupament, compliment i control dels serveis prestats i per la realitzaci\u00f3 de les funcions p\u00fabliques pr\u00f2pies de l\u2019ens p\u00fablic que implica la liquidaci\u00f3 i gesti\u00f3 dels preus p\u00fablics dels usuaris dels serveis aix\u00ed com la seva gesti\u00f3 d\u2019impagament dels preus, necessariament les dades personals dels clients de Nuscamps, S.L. es poden comunicar a l\u2019Ajuntament de Matar\u00f3 segons article 11.2 c) la Llei Org\u00e0nica 15\/1999, de 13 de desembre, de Protecci\u00f3 de Dades de Car\u00e0cter Personal, en compliment de les finalitats directament relacionades amb els funcions leg\u00edtimes del cedent i del cessionari. La informaci\u00f3 sobre els preus i procediments de cobrament es pot consultar a aquest adre\u00e7a web: <a href=\"http:\/\/mataro.cat\/web\/portal\/ca\/sites\/tributs\/index.html\" target=\"_blank\" rel=\"noreferrer noopener\">http:\/\/mataro.cat\/web\/portal\/ca\/sites\/tributs\/index.html<\/a><\/li>\n<\/ul>\n\n\n\n<p><strong>DRETS DEL CLIENT<\/strong><\/p>\n\n\n\n<ul class=\"wp-block-list\">\n<li>El client t\u00e9 dret a fer servir el centre dins l\u2019horari establert i previ pagament de la quota corresponent.<\/li>\n\n\n\n<li>El client t\u00e9 dret a presentar qualsevol reclamaci\u00f3 a la direcci\u00f3 del centre, que ha de ser contestada.<\/li>\n\n\n\n<li>El client pot canviar a un altre centre de la cadena Ubae\/Eurofitness pagant les quotes mensuals corresponents. El canvi ha de ser immediat; en cas contrari, es perdr\u00e0 la matr\u00edcula abonada al centre d\u2019origen.<\/li>\n\n\n\n<li>El client pot fer qualsevol curs o servei complementari, no ofert en el mateix centre, en un altre centre del Grup Eurofitness, pagant la quota corresponent.<\/li>\n<\/ul>\n\n\n\n<p><strong>SALA DE FITNESS MUSCULAR I CARDIOVASCULAR<\/strong><\/p>\n\n\n\n<ul class=\"wp-block-list\">\n<li>\u00c9s obligatori\n<ul class=\"wp-block-list\">\n<li>Fer \u00fas de roba i cal\u00e7at esportius.<\/li>\n\n\n\n<li>Fer \u00fas de la tovallola per raons d\u2019higiene.<\/li>\n\n\n\n<li>Respectar l\u2019espai reservat en el cas que s\u2019hi faci activitat.<\/li>\n\n\n\n<li>Fer un \u00fas adequat del material i tornar-lo al seu lloc un cop s\u2019hagi utilitzat.<\/li>\n\n\n\n<li>Alternar l\u2019\u00fas dels aparells amb els altres clients.<\/li>\n\n\n\n<li>Seguir sempre les indicacions del t\u00e8cnic i\/o entrenador personal.<\/li>\n\n\n\n<li>Recollir el material despr\u00e9s de l&#8217;entrenament.<\/li>\n\n\n\n<li>Els\/les menors d\u2019entre 14 i 15 anys han d\u2019accedir amb l\u2019autoritzaci\u00f3 signada pel pare, mare o tutor\/a legal<\/li>\n\n\n\n<li>Els\/les menors d\u2019entre 12 i 13 anys poden accedir acompanyats d\u2019un adult responsable. Podran fer servir \u00fanicament aparells cardiovasculars.<\/li>\n<\/ul>\n<\/li>\n<\/ul>\n\n\n\n<ul class=\"wp-block-list\">\n<li>No es permet\n<ul start=\"10\" class=\"wp-block-list\">\n<li>L\u2019entrada a la sala de fitness als menors de 12 anys.<\/li>\n\n\n\n<li>Utilitzar el material destinat al treball de for\u00e7a per a menors de 16 anys, sense un adult que se\u2019n faci responsable.<\/li>\n\n\n\n<li>L\u2019entrada de llaunes, ampolles de vidre, i fer \u00e0pats a la sala.<\/li>\n\n\n\n<li>Accedir-hi amb la bossa d\u2019esport. Cal deixar-la a l\u2019armariet dels vestidors.<\/li>\n\n\n\n<li>L\u2019\u00fas de qualsevol m\u00e0quina o aparell de for\u00e7a sense sabates esportives.<\/li>\n\n\n\n<li>L&#8217;\u00fas del tel\u00e8fon m\u00f2bil com a aparell de m\u00fasica sense auriculars.<\/li>\n<\/ul>\n<\/li>\n<\/ul>\n\n\n\n<ul class=\"wp-block-list\">\n<li>Es recomana\n<ul start=\"16\" class=\"wp-block-list\">\n<li>Fer un escalfament previ a l\u2019activitat.<\/li>\n\n\n\n<li>Assegurar-se que el nivell i dificultat de la sessi\u00f3 s\u00f3n adequats al nivell actual de condici\u00f3 f\u00edsica.<\/li>\n<\/ul>\n<\/li>\n<\/ul>\n\n\n\n<p><strong>PISCINA COBERTA<\/strong><\/p>\n\n\n\n<ul class=\"wp-block-list\">\n<li>\u00c9s obligatori\n<ul class=\"wp-block-list\">\n<li>Portar la roba i el casquet de bany.<\/li>\n\n\n\n<li>Dutxar-se abans d\u2019entrar a la piscina i\/o despr\u00e9s d\u2019haver utilitzat olis o cremes.<\/li>\n\n\n\n<li>Respectar l\u2019espai reservat en el cas que s\u2019hi faci activitat.<\/li>\n\n\n\n<li>Que els nadons entrin a l\u2019aigua amb bolquers especials (adaptats).<\/li>\n\n\n\n<li>Respectar el material d\u2019\u00fas intern, i seguir sempre les indicacions del t\u00e8cnic i socorrista.<\/li>\n<\/ul>\n<\/li>\n<\/ul>\n\n\n\n<ul class=\"wp-block-list\">\n<li>No es permet\n<ul start=\"6\" class=\"wp-block-list\">\n<li>L\u2019entrada al recinte de la piscina als menors de 14 anys, sense l\u2019acompanyament d\u2019un adult que se\u2019n faci responsable. Els menors, de 14 a 16 anys, poden accedir-hi amb l\u2019autoritzaci\u00f3 del pare\/mare, tutor\/a o representant legal.<\/li>\n\n\n\n<li>Accedir-hi amb roba i\/o cal\u00e7at de carrer, tret de les visites autoritzades per la direcci\u00f3 de centre, i amb protectors espec\u00edfics per al cal\u00e7at.<\/li>\n\n\n\n<li>Accedir-hi amb la bossa d\u2019esport. Cal deixar-la a l\u2019armariet dels vestidors.<\/li>\n\n\n\n<li>L\u2019entrada de llaunes, ampolles de vidre, ni fer \u00e0pats a la zona de la platja.<\/li>\n\n\n\n<li>Cap tipus de joc o d\u2019activitat que comporti un risc propi o cap als altres usuaris, com c\u00f3rrer a les platges de la piscina, saltar,.emp\u00e8nyer, fer castells dintre de l\u2019aigua, entrar de cap a l\u2019aigua,\u2026.<\/li>\n\n\n\n<li>L\u2019\u00fas de flotadors d\u2019\u00fas recreatiu i\/o inflables.<\/li>\n\n\n\n<li>Utilitzar aletes, manyoples ni altres tipus de material aqu\u00e0tic, tret d\u2019autoritzaci\u00f3 expressa de la direcci\u00f3 de centre.<\/li>\n\n\n\n<li>Fer servir cap mena de sab\u00f3 a les dutxes de la piscina.<\/li>\n\n\n\n<li>Per mantenir l\u2019ordre i evitar lesions, no es permet entrar a les sessions d\u2019activitat dirigida 10 minuts despr\u00e9s d\u2019haver-se iniciat.<\/li>\n\n\n\n<li>Fer \u00fas de la piscina a tot aquell que presenti una ferida oberta.<\/li>\n\n\n\n<li>Banyar-se amb ulleres de vidre.<\/li>\n<\/ul>\n<\/li>\n<\/ul>\n\n\n\n<ul class=\"wp-block-list\">\n<li>Es recomana\n<ul start=\"17\" class=\"wp-block-list\">\n<li>Dur sabatilles de goma al recinte de la piscina.<\/li>\n\n\n\n<li>No abandonar la sessi\u00f3 abans que acabi. Si fos aix\u00ed, cal avisar el t\u00e8cnic abans d\u2019iniciar-se.<\/li>\n\n\n\n<li>Si patiu alguna infecci\u00f3 v\u00edrica, bacteriana i\/o f\u00fangica, consulteu el vostre metge.<\/li>\n<\/ul>\n<\/li>\n<\/ul>\n\n\n\n<p><strong>SALES D\u2019ACTIVITATS DIRIGIDES<\/strong><\/p>\n\n\n\n<ul class=\"wp-block-list\">\n<li>\u00c9s obligatori\n<ul class=\"wp-block-list\">\n<li>Fer \u00fas de roba i cal\u00e7at esportius. Es recomana no fer servir el mateix cal\u00e7at del carrer.<\/li>\n\n\n\n<li>A les activitats cos-ment, on el cal\u00e7at no \u00e9s obligatori, es recomana dur mitjons.<\/li>\n\n\n\n<li>Fer \u00fas de la tovallola per raons d\u2019higiene.<\/li>\n\n\n\n<li>Respectar l\u2019espai reservat en el cas que s\u2019hi faci activitat.<\/li>\n\n\n\n<li>Respectar el material d\u2019\u00fas intern, i seguir sempre les indicacions del t\u00e8cnic.<\/li>\n\n\n\n<li>L&#8217;edat m\u00ednima per accedir a les sales \u00e9s de 14 anys<\/li>\n<\/ul>\n<\/li>\n<\/ul>\n\n\n\n<ul class=\"wp-block-list\">\n<li>No es permet\n<ul start=\"7\" class=\"wp-block-list\">\n<li>L\u2019entrada a les activitats col.lectives dels menors de 14 anys, tret de les espec\u00edficament dissenyades al grup.<\/li>\n\n\n\n<li>La utilitzaci\u00f3 individual o col\u00b7lectiva de la sala sense la pres\u00e8ncia del t\u00e8cnic.<\/li>\n\n\n\n<li>L\u2019acc\u00e9s amb roba i\/o cal\u00e7at de carrer.<\/li>\n\n\n\n<li>Accedir-hi amb la bossa d\u2019esport. Cal deixar-la a l\u2019armariet dels vestidors.<\/li>\n\n\n\n<li>Per mantenir l\u2019ordre i evitar lesions, no es permet entrar a les sessions d\u2019activitat dirigida 10 minuts despr\u00e9s d\u2019haver-se iniciat.<\/li>\n\n\n\n<li>L\u2019acc\u00e9s als espais de material i m\u00fasica, aix\u00ed com la manipulaci\u00f3, nom\u00e9s es permet amb l\u2019autoritzaci\u00f3 dels t\u00e8cnics.<\/li>\n<\/ul>\n<\/li>\n<\/ul>\n\n\n\n<ul class=\"wp-block-list\">\n<li>Es recomana\n<ul start=\"13\" class=\"wp-block-list\">\n<li>Assegurar-se que el nivell i dificultat de la sessi\u00f3 s\u00f3n adequats al nivell actual de condici\u00f3 f\u00edsica.<\/li>\n\n\n\n<li>No abandonar la sessi\u00f3 abans que acabi. Si fos aix\u00ed, cal avisar el t\u00e8cnic abans d\u2019iniciar-se.<\/li>\n\n\n\n<li>Per garantir el nivell i la qualitat de les sessions, recomanem no entrar amb tel\u00e8fon m\u00f2bil.<\/li>\n<\/ul>\n<\/li>\n<\/ul>\n\n\n\n<p><strong>VESTIDORS<\/strong><\/p>\n\n\n\n<p>El centre no es responsabilitza dels objectes extraviats, sostrets o oblidats en els vestidors, armariets o a l\u2019interior del centre.<\/p>\n\n\n\n<ul class=\"wp-block-list\">\n<li>\u00c9s obligatori\n<ul class=\"wp-block-list\">\n<li>Deixar els vestidors en bones condicions per als usuaris posteriors, tal com ens agradaria trobar-los.<\/li>\n\n\n\n<li>Respectar i vetllar per la conviv\u00e8ncia en els espais comuns, tenint actituds i comportaments c\u00edvics.<\/li>\n\n\n\n<li>Desar les pertinences als armariets i assegurar-se que aquest queda degudament tancat (fer \u00fas de cadenat de m\u00ednim 5 mm).<\/li>\n\n\n\n<li>Fer un \u00fas raonable de l\u2019aigua i dipositar els residus als llocs habilitats.<\/li>\n\n\n\n<li>Les taquilles petites, s\u00f3n d&#8217;\u00fas de lloguer. Les taquilles d&#8217;\u00fas puntual, s&#8217;han de deixar buides per la nit.<\/li>\n<\/ul>\n<\/li>\n<\/ul>\n\n\n\n<ul class=\"wp-block-list\">\n<li>No es permet\n<ul start=\"5\" class=\"wp-block-list\">\n<li>Dur a terme accions d\u2019higiene personal com afaitar-se, depilar-se, tenyir-se, etc. dins del recinte de les dutxes.<\/li>\n\n\n\n<li>Introduir objectes de vidre o de qualsevol material perill\u00f3s.<\/li>\n\n\n\n<li>Menjar als vestidors (fer \u00e0pats).<\/li>\n\n\n\n<li>Els nens i nenes majors de 7 anys hauran de canviar-se al vestidor corresponent.<\/li>\n<\/ul>\n<\/li>\n<\/ul>\n\n\n\n<ul class=\"wp-block-list\">\n<li>Es recomana\n<ul start=\"9\" class=\"wp-block-list\">\n<li>Fer \u00fas de les xancletes per dutxar-se i per circular pels vestidors.<\/li>\n\n\n\n<li>Es recomana no dur objectes de valor al centre, per\u00f2, a aquest efecte, els clients disposen d\u2019armariets de seguretat.<\/li>\n\n\n\n<li>Fer \u00fas dels espais destinats a canviar els nadons.<\/li>\n\n\n\n<li>Assecar-se en el recinte de les dutxes.<\/li>\n\n\n\n<li>Fer \u00fas de bosses de pl\u00e0stic per guardar les sabates i roba mullada als armariets.<\/li>\n<\/ul>\n<\/li>\n<\/ul>\n\n\n\n<p><strong>BANY DE VAPOR<\/strong><\/p>\n\n\n\n<p>No es permet la utilitzaci\u00f3 del bany de vapor als menors de 16 anys.<\/p>\n\n\n\n<ul class=\"wp-block-list\">\n<li>\u00c9s obligatori\n<ul class=\"wp-block-list\">\n<li>Dutxar-se amb aigua i sab\u00f3 abans d\u2019entrar, i estar ben secs.<\/li>\n\n\n\n<li>L\u2019\u00fas de la tovallola per estirar-se o seure al banc.<\/li>\n\n\n\n<li>L\u2019\u00fas del banyador.<\/li>\n\n\n\n<li>Respectar la capacitat.<\/li>\n<\/ul>\n<\/li>\n<\/ul>\n\n\n\n<ul class=\"wp-block-list\">\n<li>No es permet\n<ul start=\"5\" class=\"wp-block-list\">\n<li>L\u2019acc\u00e9s de persones que pateixin malalties infeccioses.<\/li>\n\n\n\n<li>Accedir-hi amb roba ni cal\u00e7at de carrer.<\/li>\n\n\n\n<li>Dur a terme accions d\u2019higiene personal com afaitar-se, depilar-se, tenyir-se, i altres dins del recinte de la terma.<\/li>\n\n\n\n<li>Introduir \/ llen\u00e7ar cap l\u00edquid, subst\u00e0ncia dins la sauna.<\/li>\n\n\n\n<li>Portar joies, rellotge o qualsevol objecte met\u00e0l.lic, aix\u00ed com ulleres i lents de contacte.<\/li>\n<\/ul>\n<\/li>\n<\/ul>\n\n\n\n<ul class=\"wp-block-list\">\n<li>Es recomana\n<ul start=\"10\" class=\"wp-block-list\">\n<li>No utilitzar la sauna totes aquelles persones que pateixin problemes d\u2019hipotensi\u00f3 i\/o hipertensi\u00f3, varius o cardiopaties greus.<\/li>\n\n\n\n<li>No utilitzar la sauna durant el proc\u00e9s digestiu.<\/li>\n\n\n\n<li>No estar m\u00e9s de 10 o 15 minuts a l\u2019interior de la sauna, i els darrers 2 minuts es recomana mantenir-se assegut.<\/li>\n\n\n\n<li>Beure aigua per rehidratar-se, un cop finalitzada l\u2019operaci\u00f3.<\/li>\n\n\n\n<li>Dutxar-se amb aigua freda en acabar, comen\u00e7ant pels peus.<\/li>\n<\/ul>\n<\/li>\n<\/ul>\n\n\n\n<p><strong>HIDROMASSATGE<\/strong><\/p>\n\n\n\n<p>No es permet la utilitzaci\u00f3 de l\u2019hidromassatge als menors de 16 anys.<\/p>\n\n\n\n<ul class=\"wp-block-list\">\n<li>\u00c9s obligatori\n<ul class=\"wp-block-list\">\n<li>Dutxar-se abans de prendre un bany.<\/li>\n\n\n\n<li>L\u2019\u00fas del banyador i el casquet de bany.<\/li>\n\n\n\n<li>Respectar la capacitat de l\u2019hidromassatge.<\/li>\n<\/ul>\n<\/li>\n<\/ul>\n\n\n\n<ul class=\"wp-block-list\">\n<li>No es permet\n<ul start=\"4\" class=\"wp-block-list\">\n<li>L\u2019acc\u00e9s de persones que pateixin malalties infeccioses.<\/li>\n\n\n\n<li>Utilitzar sab\u00f3 i altres subst\u00e0ncies a l\u2019interior de la banyera.<\/li>\n<\/ul>\n<\/li>\n<\/ul>\n\n\n\n<ul class=\"wp-block-list\">\n<li>Es recomana\n<ul start=\"6\" class=\"wp-block-list\">\n<li>No utilitzar la banyera d\u2019hidromassatge a totes aquelles persones que pateixin problemes d\u2019hipotensi\u00f3 i\/o hipertensi\u00f3, varius o cardiopaties greus.<\/li>\n\n\n\n<li>No estar m\u00e9s de 10 minuts a l\u2019interior de la banyera, at\u00e8s que l\u2019aigua calenta produeix un relaxament muscular intens.<\/li>\n\n\n\n<li>Beure aigua per rehidratar-se, un cop finalitzat el bany.<\/li>\n<\/ul>\n<\/li>\n<\/ul>\n\n\n\n<p>Les banyeres individuals tenen diversos sistemes de massatge; premeu el bot\u00f3 del cap\u00e7al de la banyera per escollir el sistema desitjat i pareu-lo havent acabat.<\/p>\n\n\n\n<p>Les banyeres col\u00b7lectives funcionen amb un sistema autom\u00e0tic, no cal que premeu cap bot\u00f3.<\/p>\n\n\n\n<p><strong>SOL\u00c0RIUM<\/strong><\/p>\n\n\n\n<ul class=\"wp-block-list\">\n<li>\u00c9s obligatori\n<ul class=\"wp-block-list\">\n<li>Dutxar-se despr\u00e9s de prendre el sol.<\/li>\n\n\n\n<li>Dutxar-se abans de banyar-se a la piscina.<\/li>\n<\/ul>\n<\/li>\n<\/ul>\n\n\n\n<ul class=\"wp-block-list\">\n<li>No es permet\n<ul start=\"3\" class=\"wp-block-list\">\n<li>Entrar amb cal\u00e7at del carrer al recinte.<\/li>\n\n\n\n<li>Entrar begudes en recipient de vidre ni menjar.<\/li>\n<\/ul>\n<\/li>\n<\/ul>\n\n\n\n<ul class=\"wp-block-list\">\n<li>Es recomana\n<ul start=\"5\" class=\"wp-block-list\">\n<li>Dur sabatilles de goma al recinte de la piscina.<\/li>\n\n\n\n<li>No fer \u00fas de productes bronzejadors.<\/li>\n\n\n\n<li>No fer llargues exposicions al sol en hores de m\u00e0xima insolaci\u00f3.<\/li>\n<\/ul>\n<\/li>\n<\/ul>\n\n\n\n<p><\/p>\n\n\n\n<p><\/p>\n\n\n\n<hr class=\"wp-block-separator has-alpha-channel-opacity is-style-default\"\/>\n\n\n\n<figure class=\"wp-block-image alignleft size-full is-resized\"><img loading=\"lazy\" decoding=\"async\" width=\"1181\" height=\"406\" src=\"https:\/\/eurofitness.com\/app\/uploads\/2025\/09\/Mataro.jpg\" alt=\"\" class=\"wp-image-45998\" style=\"object-fit:cover;width:129px;height:auto\" srcset=\"https:\/\/eurofitness.com\/app\/uploads\/2025\/09\/Mataro.jpg 1181w, https:\/\/eurofitness.com\/app\/uploads\/2025\/09\/Mataro-300x103.jpg 300w, https:\/\/eurofitness.com\/app\/uploads\/2025\/09\/Mataro-1024x352.jpg 1024w, https:\/\/eurofitness.com\/app\/uploads\/2025\/09\/Mataro-768x264.jpg 768w, https:\/\/eurofitness.com\/app\/uploads\/2025\/09\/Mataro-360x124.jpg 360w\" sizes=\"auto, (max-width: 1181px) 100vw, 1181px\" \/><\/figure>\n\n<\/div>\n\n\t<\/div>\n\n\n\n<div class=\"col-12\">\n\t\t\t\t<\/div>\n\n<\/div>\n\n\t<\/div>\n\n<\/div>\n\n\n\n<p><\/p>\n","protected":false},"excerpt":{"rendered":"","protected":false},"author":2,"featured_media":0,"parent":0,"menu_order":0,"comment_status":"closed","ping_status":"closed","template":"","meta":{"_acf_changed":false,"footnotes":""},"class_list":["post-45993","page","type-page","status-publish","hentry"],"acf":[],"_links":{"self":[{"href":"https:\/\/eurofitness.com\/es\/wp-json\/wp\/v2\/pages\/45993","targetHints":{"allow":["GET"]}}],"collection":[{"href":"https:\/\/eurofitness.com\/es\/wp-json\/wp\/v2\/pages"}],"about":[{"href":"https:\/\/eurofitness.com\/es\/wp-json\/wp\/v2\/types\/page"}],"author":[{"embeddable":true,"href":"https:\/\/eurofitness.com\/es\/wp-json\/wp\/v2\/users\/2"}],"replies":[{"embeddable":true,"href":"https:\/\/eurofitness.com\/es\/wp-json\/wp\/v2\/comments?post=45993"}],"version-history":[{"count":2,"href":"https:\/\/eurofitness.com\/es\/wp-json\/wp\/v2\/pages\/45993\/revisions"}],"predecessor-version":[{"id":46000,"href":"https:\/\/eurofitness.com\/es\/wp-json\/wp\/v2\/pages\/45993\/revisions\/46000"}],"wp:attachment":[{"href":"https:\/\/eurofitness.com\/es\/wp-json\/wp\/v2\/media?parent=45993"}],"curies":[{"name":"wp","href":"https:\/\/api.w.org\/{rel}","templated":true}]}}