{"id":4610,"date":"2025-03-27T08:55:18","date_gmt":"2025-03-27T08:55:18","guid":{"rendered":"https:\/\/eurofitness.com\/?page_id=4610"},"modified":"2025-03-27T09:14:57","modified_gmt":"2025-03-27T09:14:57","slug":"el-gran-dia","status":"publish","type":"page","link":"https:\/\/eurofitness.com\/es\/el-gran-dia\/","title":{"rendered":""},"content":{"rendered":"    <section class=\"hero-cover hero-cover-block wp-elements-5423d17eb26d674c2f98155a8de9bea4 has-neutral-light-color\">\n        <div class=\"hero-cover__wrapper\">\n            \n            <div id=\"\" class=\"page-cover has-thumbnail has-header-shadow banner light-theme  full-width container\">\n                <div class=\"page-cover__container align-items-end\">\n                                            <div class=\"container heading-wrapper\">\n                            <div class=\"row add-row-gap\">\n                                <div class=\"col-12 col-lg-7 col-xl-5\">\n                                    <div class=\"page-cover__heading align-\">\n                                        <div class=\"page-cover__heading-wrapper\">\n\n                                            \n                                            <div class=\"page-cover__heading-headline\">\n                                                <h1 class=\"heading-hero\"><\/h1>                                                                                            <\/div>\n\n\n                                            \n                                        <\/div>\n                                                                            <\/div>\n                                <\/div>\n                                                            <\/div>\n                        <\/div>\n                                                                                            <div class=\"container-fluid page-cover-thumbnail__container\">\n                                    <div class=\"parallax-trigger page-cover-thumbnail\" data-magic=\"parallax\">\n        <picture class=\"page-cover__picture parallax-trigger__item\" data-item=\"parallax-item\">\n            <img loading=\"lazy\" decoding=\"async\" width=\"1442\" height=\"575\" src=\"https:\/\/eurofitness.com\/app\/uploads\/2025\/03\/cabecera_ITACA_gd_desktop.jpg\" class=\"attachment-full size-full\" alt=\"\" srcset=\"https:\/\/eurofitness.com\/app\/uploads\/2025\/03\/cabecera_ITACA_gd_desktop.jpg 1442w, https:\/\/eurofitness.com\/app\/uploads\/2025\/03\/cabecera_ITACA_gd_desktop-300x120.jpg 300w, https:\/\/eurofitness.com\/app\/uploads\/2025\/03\/cabecera_ITACA_gd_desktop-1024x408.jpg 1024w, https:\/\/eurofitness.com\/app\/uploads\/2025\/03\/cabecera_ITACA_gd_desktop-768x306.jpg 768w, https:\/\/eurofitness.com\/app\/uploads\/2025\/03\/cabecera_ITACA_gd_desktop-360x144.jpg 360w\" sizes=\"auto, (max-width: 1442px) 100vw, 1442px\" \/>        <\/picture>\n    <\/div>\n                            <\/div>\n                                                            <\/div>\n            <\/div>\n        <\/div>\n    <\/section>\n\n\n<div class=\"wp-bootstrap-blocks-row row gx-5\">\n\t\n\n<div class=\"col-12\">\n\t\t\t<div class=\"custom-column-padding\">\n\t\t\t\n\n<h1><b>El Gan Dia dels clubs!<\/b><\/h1>\n<p style=\"font-weight: 400;\">Aquest any, seguint l&#8217;estrat\u00e8gia de fidelitzaci\u00f3, els clubs celebraran el seu GRAN DIA i es que volem que tots els nostres socis i s\u00f2cies gaudeixin en un format especial d&#8217;un dia qualsevol al nostre club!<\/p>\n<p style=\"font-weight: 400;\">Tenim moltes ganes de celebrar-ho i compartir-ho amb vosaltres aix\u00ed que feu moltes fotos i v\u00eddeos, i a la propera edici\u00f3 d&#8217;\u00cdtaca les compartirem.<\/p>\n\n\n\n<p><\/p>\n\n\t\t<\/div>\n\t<\/div>\n\n<\/div>\n","protected":false},"excerpt":{"rendered":"","protected":false},"author":2,"featured_media":4526,"parent":0,"menu_order":0,"comment_status":"closed","ping_status":"closed","template":"","meta":{"_acf_changed":false,"footnotes":""},"class_list":["post-4610","page","type-page","status-publish","has-post-thumbnail","hentry"],"acf":[],"_links":{"self":[{"href":"https:\/\/eurofitness.com\/es\/wp-json\/wp\/v2\/pages\/4610","targetHints":{"allow":["GET"]}}],"collection":[{"href":"https:\/\/eurofitness.com\/es\/wp-json\/wp\/v2\/pages"}],"about":[{"href":"https:\/\/eurofitness.com\/es\/wp-json\/wp\/v2\/types\/page"}],"author":[{"embeddable":true,"href":"https:\/\/eurofitness.com\/es\/wp-json\/wp\/v2\/users\/2"}],"replies":[{"embeddable":true,"href":"https:\/\/eurofitness.com\/es\/wp-json\/wp\/v2\/comments?post=4610"}],"version-history":[{"count":4,"href":"https:\/\/eurofitness.com\/es\/wp-json\/wp\/v2\/pages\/4610\/revisions"}],"predecessor-version":[{"id":4629,"href":"https:\/\/eurofitness.com\/es\/wp-json\/wp\/v2\/pages\/4610\/revisions\/4629"}],"wp:featuredmedia":[{"embeddable":true,"href":"https:\/\/eurofitness.com\/es\/wp-json\/wp\/v2\/media\/4526"}],"wp:attachment":[{"href":"https:\/\/eurofitness.com\/es\/wp-json\/wp\/v2\/media?parent=4610"}],"curies":[{"name":"wp","href":"https:\/\/api.w.org\/{rel}","templated":true}]}}