{"id":4619,"date":"2025-03-27T09:03:11","date_gmt":"2025-03-27T09:03:11","guid":{"rendered":"https:\/\/eurofitness.com\/?page_id=4619"},"modified":"2026-01-28T10:12:49","modified_gmt":"2026-01-28T10:12:49","slug":"formacions","status":"publish","type":"page","link":"https:\/\/eurofitness.com\/es\/formacions\/","title":{"rendered":"Formacions"},"content":{"rendered":"    <section class=\"hero-cover hero-cover-block wp-elements-dbcfb3691d825dbe5dbf692ec240024a has-neutral-light-color\">\n        <div class=\"hero-cover__wrapper\">\n            \n            <div id=\"\" class=\"page-cover has-thumbnail has-header-shadow banner light-theme  full-width container\">\n                <div class=\"page-cover__container align-items-end\">\n                                            <div class=\"container heading-wrapper\">\n                            <div class=\"row add-row-gap\">\n                                <div class=\"col-12 col-lg-7 col-xl-5\">\n                                    <div class=\"page-cover__heading align-\">\n                                        <div class=\"page-cover__heading-wrapper\">\n\n                                            \n                                            <div class=\"page-cover__heading-headline\">\n                                                <h1 class=\"heading-hero\">Formacions<\/h1>                                                                                            <\/div>\n\n\n                                            \n                                        <\/div>\n                                                                            <\/div>\n                                <\/div>\n                                                            <\/div>\n                        <\/div>\n                                                                                            <div class=\"container-fluid page-cover-thumbnail__container\">\n                                    <div class=\"parallax-trigger page-cover-thumbnail\" data-magic=\"parallax\">\n        <picture class=\"page-cover__picture parallax-trigger__item\" data-item=\"parallax-item\">\n            <img loading=\"lazy\" decoding=\"async\" width=\"731\" height=\"206\" src=\"https:\/\/eurofitness.com\/app\/uploads\/2025\/03\/Logo_formacion.jpg\" class=\"attachment-full size-full\" alt=\"\" srcset=\"https:\/\/eurofitness.com\/app\/uploads\/2025\/03\/Logo_formacion.jpg 731w, https:\/\/eurofitness.com\/app\/uploads\/2025\/03\/Logo_formacion-300x85.jpg 300w, https:\/\/eurofitness.com\/app\/uploads\/2025\/03\/Logo_formacion-360x101.jpg 360w\" sizes=\"auto, (max-width: 731px) 100vw, 731px\" \/>        <\/picture>\n    <\/div>\n                            <\/div>\n                                                            <\/div>\n            <\/div>\n        <\/div>\n    <\/section>\n\n\n<div class=\"wp-bootstrap-blocks-row row gx-5\">\n\t\n\n<div class=\"col-12\">\n\t\t\t<div class=\"custom-column-padding\">\n\t\t\t\n\n<p style=\"font-weight: 400; text-align: center;\">Ja teniu disponible el\u00a0<strong>Calendari de Formaci\u00f3<\/strong> per a aquest primer semestre del 2026. Aquest calendari recull totes les sessions de formaci\u00f3 programades que es realitzaran en els propers mesos, i podr\u00e0s accedir-hi en qualsevol moment per consultar les dates, temes i inscripcions a trav\u00e9s d&#8217;aquest document<\/p>\n<p style=\"font-weight: 400; text-align: center;\">LINK AL DOCUMENT<\/p>\n<p style=\"font-weight: 400; text-align: center;\"><strong><em><a href=\"https:\/\/eurofitness.com\/docs\/Itaca_Eurofitness\/Calendari_Formacions_2026.pdf\">https:\/\/eurofitness.com\/docs\/Itaca_Eurofitness\/Calendari_Formacions_2026.pdf<\/a><br \/><\/em><\/strong><\/p>\n<p style=\"font-weight: 400; text-align: center;\">Aquest calendari est\u00e0 dissenyat per ajudar-vos a planificar i aprofitar al m\u00e0xim les oportunitats de formaci\u00f3 que oferim, i esperem que trobeu cursos que siguin d&#8217;inter\u00e8s per al vostre desenvolupament professional.<\/p>\n<p style=\"font-weight: 400; text-align: center;\">Si teniu qualsevol dubte o necessiteu assist\u00e8ncia per accedir-hi, no dubteu a posar-vos en contacte amb nosaltres!<\/p>\n\n\t\t<\/div>\n\t<\/div>\n\n<\/div>\n","protected":false},"excerpt":{"rendered":"","protected":false},"author":2,"featured_media":4526,"parent":0,"menu_order":0,"comment_status":"closed","ping_status":"closed","template":"","meta":{"_acf_changed":false,"footnotes":""},"class_list":["post-4619","page","type-page","status-publish","has-post-thumbnail","hentry"],"acf":[],"_links":{"self":[{"href":"https:\/\/eurofitness.com\/es\/wp-json\/wp\/v2\/pages\/4619","targetHints":{"allow":["GET"]}}],"collection":[{"href":"https:\/\/eurofitness.com\/es\/wp-json\/wp\/v2\/pages"}],"about":[{"href":"https:\/\/eurofitness.com\/es\/wp-json\/wp\/v2\/types\/page"}],"author":[{"embeddable":true,"href":"https:\/\/eurofitness.com\/es\/wp-json\/wp\/v2\/users\/2"}],"replies":[{"embeddable":true,"href":"https:\/\/eurofitness.com\/es\/wp-json\/wp\/v2\/comments?post=4619"}],"version-history":[{"count":2,"href":"https:\/\/eurofitness.com\/es\/wp-json\/wp\/v2\/pages\/4619\/revisions"}],"predecessor-version":[{"id":47148,"href":"https:\/\/eurofitness.com\/es\/wp-json\/wp\/v2\/pages\/4619\/revisions\/47148"}],"wp:featuredmedia":[{"embeddable":true,"href":"https:\/\/eurofitness.com\/es\/wp-json\/wp\/v2\/media\/4526"}],"wp:attachment":[{"href":"https:\/\/eurofitness.com\/es\/wp-json\/wp\/v2\/media?parent=4619"}],"curies":[{"name":"wp","href":"https:\/\/api.w.org\/{rel}","templated":true}]}}