{"id":46777,"date":"2026-01-16T11:36:27","date_gmt":"2026-01-16T11:36:27","guid":{"rendered":"https:\/\/eurofitness.com\/?page_id=46777"},"modified":"2026-01-22T07:01:09","modified_gmt":"2026-01-22T07:01:09","slug":"normativa-eurofitness-viladecans","status":"publish","type":"page","link":"https:\/\/eurofitness.com\/es\/normativa-eurofitness-viladecans\/","title":{"rendered":"Normativa Eurofitness Viladecans"},"content":{"rendered":"<div class=\"wp-bootstrap-blocks-row row\">\n\t\n\n<div class=\"col-12 col-md-12\">\n\t\t\t\n<div class=\"wp-bootstrap-blocks-row row\">\n\t\n\n<div class=\"col-12 col-md-12\">\n\t\t\t\n<div class=\"wp-bootstrap-blocks-container container-lg custom-block-spacing container-custom\">\n\t\n\n<h2 class=\"wp-block-heading heading-hero has-heading-xl-font-size\" style=\"text-transform:uppercase\">NORMATIVA Eurofitness VILADECANS<\/h2>\n\n\n\n<p><strong>NORMES GENERALS<\/strong><\/p>\n\n\n\n<ul class=\"wp-block-list\">\n<li>Els clients menors de 14 anys hauran d\u2019anar acompanyats en tot moment d\u2019un adult que se\u2019n faci responsable. Nom\u00e9s podran fer \u00fas dels espais del centre que quedin determinats en la present normativa. Els menors de 14 anys no podran accedir, ni sols, ni&nbsp; acompanyats d\u2019un adult que se\u2019n faci responsable a la sala de fitness muscular i cardiovascular. Dels 14 als 16 anys hauran de dur una autoritzaci\u00f3 per fer \u00fas dels espais del centre que quedin determinats a la present normativa.&nbsp;<\/li>\n\n\n\n<li>Els menors de 14 anys no poden abonar-se al centre, si els pares o tutors legals no s\u00f3n clients del centre.<\/li>\n\n\n\n<li>Per accedir a l\u2019interior del centre \u00e9s imprescindible:\n<ul class=\"wp-block-list\">\n<li>CLIENTS: tenir l\u2019acc\u00e9s codificat.<\/li>\n\n\n\n<li>CLIENTS PUNTUALS INDIVIDUALS: la corresponent entrada puntual i omplir el full de dades personals.&nbsp;<\/li>\n\n\n\n<li>GRUPS: anar acompanyat d\u2019un responsable m\u00e9s gran de 18 anys i haver fet la corresponent reserva pr\u00e8via.<\/li>\n\n\n\n<li>INVITACI\u00d3: invitaci\u00f3 degudament emplenada amb la<br>signatura de protecci\u00f3 de dades.<\/li>\n<\/ul>\n<\/li>\n\n\n\n<li>Cal respectar el centre. El fet de fer-ne un mal \u00fas i ocasionar desperfectes a la instal.laci\u00f3 i\/o material implica fer-ne la reposici\u00f3, i pot suposar una sanci\u00f3 especial segons ho decideixi l\u2019\u00f2rgan administratiu responsable del control&nbsp; de la gesti\u00f3.&nbsp;<\/li>\n\n\n\n<li>Tots els clients hauran de mantenir un comportament c\u00edvic i respectu\u00f3s amb el personal i la resta de clients a l\u2019interior del centre de fitness. Qualsevol incompliment pot suposar una sanci\u00f3 especial segons ho decideixi l\u2019\u00f2rgan administratiu responsable del control&nbsp; de la gesti\u00f3.&nbsp;<\/li>\n\n\n\n<li>El centre no es responsabilitza dels objectes extraviats, sostrets o oblidats en els vestidors, armariets o a l\u2019interior del centre. Es recomana no dur objectes de valor al centre.<\/li>\n\n\n\n<li>Els clients hauran de respectar la modalitat d\u2019abonament a qu\u00e8 estiguin inscrits.<\/li>\n\n\n\n<li>A les instal.lacions no es pot utilitzar el mateix cal\u00e7at de carrer (el cal\u00e7at esportiu \u00e9s preferible que sigui de sola blanca). Aix\u00ed mateix cal utilitzar roba esportiva adient per a cada activitat i servei.<\/li>\n\n\n\n<li>\u00c9s obligatori respectar els horaris establerts per a les diferents activitats. El centre es reserva el dret a modificar les activitats, els t\u00e8cnics i\/o horaris preestablerts.<\/li>\n\n\n\n<li>No es permet fer fotografies ni filmacions a tot el centre.<\/li>\n\n\n\n<li>No es permet fumar a tot el centre. &nbsp;<\/li>\n\n\n\n<li>No es permet l\u2019entrada d\u2019ampolles de vidre, llaunes ni menjar dins del centre, tret de terrasses, bars o zones especialment habilitades a aquest efecte.<\/li>\n\n\n\n<li>No es permet l\u2019entrada d\u2019animals dom\u00e8stics.<\/li>\n\n\n\n<li>L\u2019incompliment de qualsevol de les normes generals, aspectes administratius o normes d\u2019utilitzaci\u00f3 dels espais del club descrites en el present Full de Normatives, significar\u00e0 la suspensi\u00f3 de la condici\u00f3 de client i el no acc\u00e9s al Club.<\/li>\n\n\n\n<li>El club es reserva el dret d\u2019admisi\u00f3.<\/li>\n\n\n\n<li>No es permet compartir o deixar la polsera d\u2019acc\u00e9s amb altres pesones. La polsera \u00e9s personal i intransferible.<\/li>\n\n\n\n<li>No es permet que cap usuari\/a (amb abonament o amb entrada puntual) dugui a terme dins el club cap acci\u00f3 o pr\u00e0ctica que impliqui una compet\u00e8ncia directa a qualsevol dels serveis o productes oferts pel club, com ara els entrenaments personals.&nbsp;<\/li>\n\n\n\n<li>\u00c9s obligatori l\u2019entrada al club amb polsera. En cas de no portar-la el cost del pr\u00e9stec puntual ser\u00e0 d\u20191\u20ac.&nbsp;<\/li>\n<\/ul>\n\n\n\n<p><strong>ASPECTES ADMINISTRATIUS<\/strong><\/p>\n\n\n\n<ul class=\"wp-block-list\">\n<li>Per poder entrar al centre com a client, s\u2019haur\u00e0 d\u2019emplenar la sol.licitud corresponent i formalitzar la inscripci\u00f3.<\/li>\n\n\n\n<li>La forma de pagament \u00e9s obligat\u00f2riament banc\u00e0ria i els rebuts es tramiten al comen\u00e7ament de cada mes.<\/li>\n\n\n\n<li>Per donar-se de baixa de qualsevol modalitat d\u2019abonament o servei contractat s\u2019haur\u00e0 d\u2019avisar abans del dia 15 del mes anterior a la baixa; no fer-ho significar\u00e0 la no-devoluci\u00f3 de l\u2019import dels rebuts tramitats. Aquest tr\u00e0mit s\u2019haur\u00e0 de fer en l\u2019impr\u00e8s oficial i necess\u00e0riament al mateix centre de fitness, per fax o per correu electr\u00f2nic, tornant el document de baixa signat..<\/li>\n\n\n\n<li>El fet de donar-se de baixa implica la p\u00e8rdua de la quota d\u2019inscripci\u00f3.<\/li>\n\n\n\n<li>L\u2019impagament d\u20191 rebuts implica la baixa administrativa, la qual cosa impedeix l\u2019acc\u00e9s al centre, aix\u00ed com&nbsp; la reclamaci\u00f3 dels imports pendents.&nbsp;<\/li>\n\n\n\n<li>Quan el rebut d\u2019un client sigui retornat per la seva entitat banc\u00e0ria, s\u2019haur\u00e0 de fer c\u00e0rrec de les despeses banc\u00e0ries.<\/li>\n\n\n\n<li>Totes els clients que no abonin les respectives quotes no podran accedir al centre.&nbsp;<\/li>\n\n\n\n<li>Les quotes s\u2019actualitzen a principis d\u2019any segons els criteris de l\u2019\u00f2rgan administratiu competent.&nbsp;<\/li>\n\n\n\n<li>Amb la finalitat d\u2019agilitar els tr\u00e0mits administratius, sempre que un client canvi\u00ef les seves dades personals (adre\u00e7a i\/o tel\u00e8fon) o b\u00e9 les dades banc\u00e0ries, ha de notificar-ho per escrit, fax o correu electr\u00f2nic a la recepci\u00f3 del centre abans del dia 15 del mes anterior.<\/li>\n\n\n\n<li>En qualsevol moment el centre pot unilateralment donar noves normes, de compliment obligat per a tots els clients, per al millor funcionament del centre, com a complement o en substituci\u00f3 d\u2019aquestes.<\/li>\n\n\n\n<li>Al moment de la inscripci\u00f3 cal entregar el DNI i fotoc\u00f2pia d\u2019un rebut del banc on figuri el titular i el n\u00famero de compte.<\/li>\n\n\n\n<li>En cap cas es retornar\u00e0 una quota ja abonada.<\/li>\n\n\n\n<li>En el moment de formalitzar l\u2019alta com a abonat, no es poden tenir rebuts pendents de pagament. En cas que n\u2019hi hagu\u00e9s, cal que s\u2019abonin abans de fer la nova alta.<\/li>\n\n\n\n<li>Les entrades puntuals estan condicionades a l\u2019aformanet del club i normativa d\u2019\u00fas.<\/li>\n<\/ul>\n\n\n\n<p><strong>DRETS DEL CLIENT<\/strong><\/p>\n\n\n\n<ul class=\"wp-block-list\">\n<li>El client t\u00e9 dret a gaudir del centre en condicions.<\/li>\n\n\n\n<li>El client t\u00e9 dret a fer servir el centre dins l\u2019horari establert i previ pagament de la quota corresponent, segons el club.<\/li>\n\n\n\n<li>El client t\u00e9 dret a presentar qualsevol suggeriment a la direcci\u00f3 del centre, que ha de ser contestada. Amb aquesta finalitat comptem amb una b\u00fastia de suggeriments a la recepci\u00f3 del club.<\/li>\n\n\n\n<li>El client pot canviar a un altre centre de la cadena Ubae\/Eurofitness pagant les quotes mensuals corresponents. El canvi ha de ser immediat; en cas contrari, es perdr\u00e0 la matr\u00edcula abonada al centre d\u2019origen.&nbsp;<\/li>\n\n\n\n<li>El client pot fer qualsevol curs o servei complementari, no ofert en el mateix centre, en un altre centre de la cadena Ubae\/Eurofitness, pagant la quota corresponent.<\/li>\n<\/ul>\n\n\n\n<p>L\u2019horari del club \u00e9s de dilluns a divendres de 7 a 22 h, i caps de setmana i festius de 8 a 14 h.<\/p>\n\n\n\n<p>Els espais esportius tanquen mitja hora abans de tancar el centre.<\/p>\n\n\n\n<p>Els club tanca els dies 25 i 26 de desembre, i 1 i 6 de gener. Els dies 24 i 31 de gener es tanca a les 14 h.<\/p>\n\n\n\n<p>Quan es tanqui o es vari\u00ef horaris per festius es notificar\u00e0 la la recepci\u00f3 del club mitjan\u00e7ant comunicats interns<\/p>\n\n\n\n<p>L\u2019horari podr\u00e0 ser modificat per causa d\u2019inter\u00e8s general.<\/p>\n\n\n\n<p><strong>NORMES D\u2019UTILITZACI\u00d3 DE LA SALA DE FITNESS MUSCULAR I CARDIOVASCULAR<\/strong><\/p>\n\n\n\n<ul class=\"wp-block-list\">\n<li>\u00c9s obligatori\n<ul class=\"wp-block-list\">\n<li>Fer \u00fas de roba i cal\u00e7at esportius.<\/li>\n\n\n\n<li>Fer \u00fas de la tovallola per raons d\u2019higiene.<\/li>\n\n\n\n<li>Respectar l\u2019espai reservat en el cas que s\u2019hi faci activitat.<\/li>\n\n\n\n<li>Fer un \u00fas adequat del material i tornar-lo al seu lloc un cop s\u2019hagi utilitzat.<\/li>\n\n\n\n<li>Alternar l\u2019\u00fas dels aparells amb els altres clients.<\/li>\n\n\n\n<li>Seguir sempre les indicacions del t\u00e8cnic i\/o entrenador personal.<\/li>\n<\/ul>\n<\/li>\n\n\n\n<li>No es permet\n<ul class=\"wp-block-list\">\n<li>L\u2019entrada a la sala de fitness als menors de 14 anys. Els menors, de 14 a 16 anys, poden accedir-hi amb l\u2019autoritzaci\u00f3 del pare\/mare, tutor\/a o representant legal i fer \u00fas de les m\u00e0quines d\u2019entrenament cardiovascular, exclusivament.<\/li>\n\n\n\n<li>Utilitzar el material destinat al treball de for\u00e7a per a menors de 16 anys, sense un adult que se\u2019n faci responsable i estigui al seu costat.<\/li>\n\n\n\n<li>L\u2019entrada de llaunes, ampolles de vidre, i fer \u00e0pats a la sala.<\/li>\n\n\n\n<li>Accedir-hi amb la bossa d\u2019esport. Cal deixar-la a l\u2019armariet dels vestidors.<\/li>\n\n\n\n<li>Per mantenir l\u2019ordre i evitar lesions, no es permet entrar a les sessions d\u2019activitat dirigida 5 minuts despr\u00e9s d\u2019haver-se iniciat.<\/li>\n<\/ul>\n<\/li>\n\n\n\n<li>Es recomana\n<ul class=\"wp-block-list\">\n<li>Fer un escalfament previ a l\u2019activitat.<\/li>\n\n\n\n<li>Assegurar-se que el nivell i dificultat de la sessi\u00f3 s\u00f3n adequats al nivell actual de condici\u00f3 f\u00edsica.<\/li>\n\n\n\n<li>No abandonar la sessi\u00f3 abans que finalitzi. Si fos aix\u00ed, cal avisar el t\u00e8cnic abans d\u2019iniciar-se.<\/li>\n\n\n\n<li>Per garantir el nivell i la qualitat de les sessions, recomanem no entrar amb tel\u00e8fon m\u00f2bil.<\/li>\n<\/ul>\n<\/li>\n<\/ul>\n\n\n\n<p><strong>NORMES D\u2019UTILITZACI\u00d3 DE LA PISCINA COBERTA<\/strong><\/p>\n\n\n\n<ul class=\"wp-block-list\">\n<li>\u00c9s obligatori\n<ul class=\"wp-block-list\">\n<li>Portar la roba i el casquet de bany.<\/li>\n\n\n\n<li>Dutxar-se abans d\u2019entrar a la piscina i\/o despr\u00e9s d\u2019haver utilitzat olis o cremes.<\/li>\n\n\n\n<li>Respectar l\u2019espai reservat en el cas que s\u2019hi faci activitat.<\/li>\n\n\n\n<li>Que els nadons entrin a l\u2019aigua amb bolquers especials (adaptats).<\/li>\n\n\n\n<li>Respectar el material d\u2019\u00fas intern, i seguir sempre les indicacions del t\u00e8cnic i socorrista.<\/li>\n\n\n\n<li>\u00c9s obligatori assecar-se abans de baixar als vestidors.<\/li>\n<\/ul>\n<\/li>\n\n\n\n<li>No es permet\n<ul class=\"wp-block-list\">\n<li>L\u2019entrada al recinte de la piscina als menors de 14 anys, sense l\u2019acompanyament d\u2019un adult que se\u2019n faci responsable. Els menors, de 14 a 16 anys, poden accedir-hi amb l\u2019autoritzaci\u00f3 del pare\/mare, tutor\/a o representant legal.<\/li>\n\n\n\n<li>Accedir-hi amb roba i\/o cal\u00e7at de carrer, tret de les visites autoritzades per la direcci\u00f3 de centre, i amb protectors espec\u00edfics per al cal\u00e7at.<\/li>\n\n\n\n<li>Accedir-hi amb la bossa d\u2019esport. Cal deixar-la a l\u2019armariet dels vestidors.<\/li>\n\n\n\n<li>L\u2019entrada de llaunes, ampolles de vidre, ni menjar.<\/li>\n\n\n\n<li>Cap tipus de joc o d\u2019activitat que comporti un risc propi o cap als altres usuaris, com c\u00f3rrer al voltant de la piscina, saltar,.emp\u00e8nyer, fer castells dintre de l\u2019aigua, entrar de cap a l\u2019aigua, \u2026<\/li>\n\n\n\n<li>L\u2019\u00fas de flotadors d\u2019\u00fas recreatiu i\/o inflables.<\/li>\n\n\n\n<li>Utilitzar aletes, manyoples ni altres tipus de material aqu\u00e0tic, tret d\u2019autoritzaci\u00f3 expressa del socorrista.<\/li>\n\n\n\n<li>Fer servir cap mena de sab\u00f3 a les dutxes de la piscina.<\/li>\n\n\n\n<li>Per mantenir l\u2019ordre i evitar lesions, no es permet entrar a les sessions d\u2019activitat dirigida 10 minuts despr\u00e9s d\u2019haver-se iniciat.<\/li>\n\n\n\n<li>Fer \u00fas de la piscina a tot aquell que presenti una ferida oberta.<\/li>\n\n\n\n<li>Banyar-se amb ulleres de vidre.<\/li>\n<\/ul>\n<\/li>\n\n\n\n<li>Es recomana\n<ul class=\"wp-block-list\">\n<li>Dur sabatilles de goma al recinte de la piscina.<\/li>\n\n\n\n<li>No abandonar la sessi\u00f3 abans que acabi. Si fos aix\u00ed, cal avisar el t\u00e8cnic abans d\u2019iniciar-se.<\/li>\n\n\n\n<li>Si patiu alguna infecci\u00f3 v\u00edrica, bacteriana i\/o f\u00fangica, consulteu el vostre metge.<\/li>\n<\/ul>\n<\/li>\n<\/ul>\n\n\n\n<p><strong>NORMES D\u2019UTILITZACI\u00d3 DE LES SALES D\u2019ACTIVITATS DIRIGIDES<\/strong><\/p>\n\n\n\n<ul class=\"wp-block-list\">\n<li>\u00c9s obligatori\n<ul class=\"wp-block-list\">\n<li>Fer \u00fas de roba i cal\u00e7at esportius. No es pot utilitzar cal\u00e7at de sola fosca o el que s\u2019hagi fet servir per accedir des de l\u2019exterior.<\/li>\n\n\n\n<li>En les activitats dolces, on el cal\u00e7at no \u00e9s obligatori, cal dur mitjons.<\/li>\n\n\n\n<li>Fer \u00fas de la tovallola per raons d\u2019higiene.<\/li>\n\n\n\n<li>Respectar l\u2019espai reservat en el cas que s\u2019hi faci activitat.<\/li>\n\n\n\n<li>Respectar el material d\u2019\u00fas intern, i seguir sempre les indicacions del t\u00e8cnic.<\/li>\n<\/ul>\n<\/li>\n\n\n\n<li>No es permet\n<ul class=\"wp-block-list\">\n<li>L\u2019entrada a les activitats col.lectives dels menors de 14 anys, tret de les espec\u00edficament dissenyades al grup.<\/li>\n\n\n\n<li>La utilitzaci\u00f3 individual o col.lectiva de la sala sense la pres\u00e8ncia del t\u00e8cnic.<\/li>\n\n\n\n<li>L\u2019acc\u00e9s amb roba i\/o cal\u00e7at de carrer.<\/li>\n\n\n\n<li>Accedir-hi amb la bossa d\u2019esport. Cal deixar-la a l\u2019armariet dels vestidors.<\/li>\n\n\n\n<li>Per mantenir l\u2019ordre i evitar lesions, no es permet entrar a les sessions d\u2019activitat dirigida 10 minuts despr\u00e9s d\u2019haver-se iniciat.<\/li>\n\n\n\n<li>L\u2019acc\u00e9s als espais de material i m\u00fasica, aix\u00ed com la manipulaci\u00f3, nom\u00e9s es permet amb l\u2019autoritzaci\u00f3 dels t\u00e8cnics.<\/li>\n<\/ul>\n<\/li>\n\n\n\n<li>Es recomana\n<ul class=\"wp-block-list\">\n<li>Assegurar-se que el nivell i dificultat de la sessi\u00f3 s\u00f3n adequats al nivell actual&nbsp; de condici\u00f3 f\u00edsica.<\/li>\n\n\n\n<li>No abandonar la sessi\u00f3 abans que acabi. Si fos aix\u00ed, cal avisar el t\u00e8cnic abans d\u2019iniciar.<\/li>\n\n\n\n<li>Per garantir el nivell i la qualitat de les sessions, recomanem no entrar amb tel\u00e8fon m\u00f2bil.<\/li>\n<\/ul>\n<\/li>\n<\/ul>\n\n\n\n<p><strong>NORMES D\u2019UTILITZACI\u00d3 DELS VESTIDORS<\/strong><\/p>\n\n\n\n<p>El centre no es responsabilitza dels objectes extraviats, sostrets o oblidats en els vestidors, armariets o a l\u2019interior del centre. Els armariets d\u00b4\u00fas puntual es buiden al tancar la instal\u00b7laci\u00f3. En cas que estigui tancat amb polsera, les pertinences es guardaran durant una setmana.&nbsp;<\/p>\n\n\n\n<ul class=\"wp-block-list\">\n<li>\u00c9s obligatori\n<ul class=\"wp-block-list\">\n<li>Deixar els vestidors en bones condicions per als usuaris posteriors, tal com ens agradaria trobar-los.<\/li>\n\n\n\n<li>Respectar i vetllar per la conviv\u00e8ncia en els espais comuns, tenint actituds i comportaments c\u00edvics.<\/li>\n\n\n\n<li>Desar les pertinences als armariets i assegurar-se que aquest queda degudament tancat.<\/li>\n\n\n\n<li>Fer un \u00fas raonable de l\u2019aigua i dipositar els residus als llocs habilitats.<\/li>\n<\/ul>\n<\/li>\n\n\n\n<li>No es permet\n<ul class=\"wp-block-list\">\n<li>Dur a terme accions d\u2019higiene personal com afaitar-se, depilar-se, tenyir-se, utilitzar champ\u00fas de tint, etc.<\/li>\n\n\n\n<li>Introduir objectes de vidre o de qualsevol material perill\u00f3s.<\/li>\n\n\n\n<li>Menjar als vestidors (fer \u00e0pats).<\/li>\n<\/ul>\n<\/li>\n\n\n\n<li>Es recomana\n<ul class=\"wp-block-list\">\n<li>Fer \u00fas de les xancletes per dutxar-se i per circular pels vestidors.<\/li>\n\n\n\n<li>No dur objectes de valor al centre.<\/li>\n\n\n\n<li>No deixar pertinences fora dels armariets.<\/li>\n\n\n\n<li>Assecar-se en el recinte de les dutxes.<\/li>\n\n\n\n<li>Fer \u00fas de bosses de pl\u00e0stic per guardar les sabates i roba mullada als armariets.<\/li>\n<\/ul>\n<\/li>\n<\/ul>\n\n\n\n<p><strong>NORMES D\u2019UTILITZACI\u00d3 DE LA SAUNA<\/strong><\/p>\n\n\n\n<ul class=\"wp-block-list\">\n<li>\u00c9s obligatori\n<ul class=\"wp-block-list\">\n<li>\u00c9s obligatori dutxar-se abans d\u2019entrar.<\/li>\n\n\n\n<li>\u00c9s obligatori l\u2019\u00fas del banyador i tovallola.<\/li>\n<\/ul>\n<\/li>\n\n\n\n<li>No es permet\n<ul class=\"wp-block-list\">\n<li>No es permet entrar amb joies o objectes met\u00e0l\u00b7lics.<\/li>\n<\/ul>\n<\/li>\n\n\n\n<li>Es recomana\n<ul class=\"wp-block-list\">\n<li>El servei de sauna va dirigit a majors de 18 anys i a menors que necessitin el seu \u00fas per prescripci\u00f3 m\u00e8dica. No es recomana fer-ne \u00fas als menors de 16 anys.<\/li>\n\n\n\n<li>Es recomana desmaquillar-se abans d\u2019entrar.<\/li>\n\n\n\n<li>Es recomana no excedir el temps d\u2019\u00fas: de 10 a 15 minuts<\/li>\n\n\n\n<li>Es recomana respirar per la boca lentament. En cas de sensaci\u00f3 de falta d\u2019aire o mareig, cal sortir de forma immediata.<\/li>\n\n\n\n<li>No es recomana el seu \u00fas a persones amb hipertensi\u00f3, malalties cardiovasculars, reumatismes cr\u00f2nics, refredats lleus, trastorns&nbsp; nerviosos, asma, bronquitis, embarassades o persones recentment operades.<\/li>\n\n\n\n<li>Al sortir es recomana dutxar-se amb aigua freda comen\u00e7ant pels peus i acabant pel cap, i reposar de 5 a 10 minuts<\/li>\n\n\n\n<li>Les sabatilles de goma cal deixar-les a terra, no al banc.<\/li>\n\n\n\n<li>Es recomana no sortir al carrer fins que l\u2019organisme recuperi la normalitat.<\/li>\n<\/ul>\n<\/li>\n<\/ul>\n\n\n\n<p><strong>NOVA NORMATIVA P\u00c0DEL VILADECANS&nbsp;<\/strong><\/p>\n\n\n\n<ul class=\"wp-block-list\">\n<li>No es permet\n<ul class=\"wp-block-list\">\n<li>Accedir a les pistes sense roba o cal\u00e7at adequats i\/o sense roba.&nbsp;<\/li>\n\n\n\n<li>Reservar dues pistes la mateixa tarda, encara que es poden allargar els partits si no hi ha reserva posterior.\u00a0<\/li>\n\n\n\n<li>Participar en m\u00e9s de dos reserves a la setmana a partir de les 17:15 i el cap de setmana 1 reserva.<\/li>\n\n\n\n<li>L\u2019acc\u00e9s de no socis menors de 14 anys sense anar acompanyats del tutor legal.&nbsp;<\/li>\n\n\n\n<li>No es permet que cap usuari\/a de p\u00e0del (amb abonament o amb entrada puntual) dugui a terme dins el club cap acci\u00f3 o pr\u00e0ctica que impliqui una compet\u00e8ncia directa a qualsevol dels serveis o productes oferts pel club, com ara els entrenaments personals.&nbsp;<\/li>\n\n\n\n<li>El p\u00e0del no est\u00e0 incl\u00f2s en les invitacions.&nbsp;<\/li>\n<\/ul>\n<\/li>\n\n\n\n<li>\u00c9s obligatori\n<ul class=\"wp-block-list\">\n<li>Respectar les instal\u00b7lacions.&nbsp;<\/li>\n\n\n\n<li>Reservar pista abans de fer-ne \u00fas. Els socis poden reservar pista a trav\u00e9s de l\u2019APP Playtomic amb 168 hores naturals d\u2019antelaci\u00f3 (1 setmana natural), els no socis poden fer-ho amb 72 hores.\u00a0<\/li>\n\n\n\n<li>Confirmar l\u2019assist\u00e8ncia de forma presencial de tots els jugadors abans de l\u2019acc\u00e9s a pistes a la recepci\u00f3 del club.&nbsp;<\/li>\n\n\n\n<li>L\u2019abonament del servei de la llum de p\u00e0del (4\u20ac\/h), en cas de no abonar-la el dia de la reserva, es reclamar\u00e0 posteriorment a la persona que hagi fet la reserva, i aix\u00f2 comportar\u00e0 un bloqueig al torn d\u2019entrada al centre.<\/li>\n\n\n\n<li>El servei de la llum s\u2019abona proporcionalment al temps d\u2019\u00fas, incrementant o disminuint el cost en funci\u00f3 del temps de partit.&nbsp;<\/li>\n\n\n\n<li>Anul\u00b7lar la pista amb un m\u00ednim de 6 hores d\u2019antelaci\u00f3 en cas de no assist\u00e8ncia. El club ofereix la possibilitat d\u00b4ajudar a tancar partits contactant amb nosaltres a trav\u00e9s del e-mail: atencioclientsl.viladecans@eurofitness.com.\u00a0<\/li>\n\n\n\n<li>En cas de no presentaci\u00f3 o anul\u00b7laci\u00f3 del partit, als clients que no siguin abonats de les nostres instal\u00b7lacions, no se\u2019ls reemborsar\u00e0 l\u2019import abonat de la reserva realitzada per Playtomic, llevat que hi hagi un preav\u00eds de 12h d\u2019antelaci\u00f3 o per condicions climatol\u00f2giques.&nbsp;<\/li>\n\n\n\n<li>Raspallar les sabates abans de l\u2019acc\u00e9s a l\u2019interior del centre.&nbsp;<\/li>\n<\/ul>\n<\/li>\n\n\n\n<li>Es recomana\n<ul class=\"wp-block-list\">\n<li>Fer un escalfament previ i posterior a l\u2019activitat.<\/li>\n\n\n\n<li>Hidrataci\u00f3 durant i despr\u00e9s del joc.&nbsp;<\/li>\n<\/ul>\n<\/li>\n<\/ul>\n\n\n\n<p>El club es reserva el dret d\u2019ocupar pistes per fer entrenaments, classes, competicions i altres compromisos, aix\u00ed com disposar del tancament de pistes per al seu manteniment. Aquells usuaris que facin un mal \u00fas de les instal\u00b7lacions o provoquin danys intencionats, seran sancionats amb la impossibilitat de fer \u00fas de les pistes durant el temps que el club determini, aix\u00ed com altres mesures disciplin\u00e0ries que la direcci\u00f3 del club consideri oportunes.&nbsp;<\/p>\n\n\n\n<p>Queda reservat el dret d\u2019admissi\u00f3.<\/p>\n\n\n\n<div style=\"height:20px\" aria-hidden=\"true\" class=\"wp-block-spacer\"><\/div>\n\n\n\n<hr class=\"wp-block-separator has-alpha-channel-opacity is-style-default\"\/>\n\n\n\n<h2 class=\"wp-block-heading heading-hero has-heading-xl-font-size\" style=\"text-transform:uppercase\">Reglament de Reserves de Pistes de P\u00e0del<\/h2>\n\n\n\n<p><strong>OBJECTE DEL REGLAMENT.<\/strong><\/p>\n\n\n\n<p>El present reglament t\u00e9 per objecte establir les normes que regulen el sistema de reserves de les pistes de p\u00e0del de la instal\u00b7laci\u00f3 esportiva, amb la finalitat de garantir un \u00fas equitatiu, eficient i ordenat de les mateixes.<\/p>\n\n\n\n<p><strong>ANTELACI\u00d3 PERMESA PER RESERVAR.<\/strong><\/p>\n\n\n\n<p>Les reserves es podran realitzar amb una antelaci\u00f3 m\u00e0xima d\u2019una setmana natural. Aquesta mesura permet als usuaris planificar els seus partits amb temps suficient i facilita una millor organitzaci\u00f3 de les pistes.<\/p>\n\n\n\n<p>\u00c9s imprescindible que cada jugador aparegui identificat a la reserva de Playtomic per poder accedir a les pistes.<\/p>\n\n\n\n<p><strong>L\u00cdMITS DE RESERVES PER ALS SOCIS.<\/strong><\/p>\n\n\n\n<p>Cada soci podr\u00e0 realitzar un m\u00e0xim de dues (2) reserves<strong><sup>1<\/sup><\/strong> entre setmana (de dilluns a divendres) en horari de tarda, i una (1) reserva durant el cap de setmana. Aquestes limitacions tenen com a objectiu assegurar una distribuci\u00f3 equitativa de l\u2019\u00fas de les pistes entre tots els socis.<\/p>\n\n\n\n<p>Pistas lliures<strong><sup>2<\/sup><\/strong> 24h abans del partit de padel.<\/p>\n\n\n\n<p><strong>NORMES D\u2019\u00daS DE LA PLATAFORMA DE RESERVES PLAYTOMIC.<\/strong><\/p>\n\n\n\n<p>Les reserves s\u2019hauran de fer exclusivament a trav\u00e9s de la plataforma oficial habilitada per la instal\u00b7laci\u00f3. Cada usuari haur\u00e0 d\u2019identificar-se amb les seves credencials personals. No es permet fer reserves en nom d\u2019altres socis.<\/p>\n\n\n\n<p><strong>POL\u00cdTICA DE CANCEL\u00b7LACIONS I SANCIONS PER NO ASSIST\u00c8NCIA.<\/strong><\/p>\n\n\n\n<p>Les cancel\u00b7lacions s\u2019hauran de fer amb un m\u00ednim de 4 hores d\u2019antelaci\u00f3. En cas de no assist\u00e8ncia sense cancel\u00b7laci\u00f3 pr\u00e8via, es considerar\u00e0 una falta. L\u2019acumulaci\u00f3 de tres (3) faltes en un per\u00edode de 30 dies comportar\u00e0 la suspensi\u00f3 del dret a reservar durant una setmana.<\/p>\n\n\n\n<p><strong>NORMES DE CONVIV\u00c8NCIA I BON \u00daS DE LES INSTAL\u00b7LACIONS.<\/strong><\/p>\n\n\n\n<p>S\u2019exigeix a tots els usuaris un comportament respectu\u00f3s amb la resta de socis i amb el personal de la instal\u00b7laci\u00f3. L\u2019\u00fas adequat del material i de les pistes \u00e9s obligatori. Qualsevol dany causat per un mal \u00fas ser\u00e0 responsabilitat del soci.<\/p>\n\n\n\n<p><strong>DISPOSICIONS FINALS.<\/strong><\/p>\n\n\n\n<p>La direcci\u00f3 de la instal\u00b7laci\u00f3 es reserva el dret de modificar aquest reglament quan ho consideri necessari, informant degudament als socis. El desconeixement del reglament no eximeix del seu compliment.<\/p>\n\n\n\n<p><strong><sup>1<\/sup><\/strong><strong><sup> <\/sup><\/strong><sup>&nbsp;<\/sup>s\u2019ent\u00e9n com a \u201creserva\u201d, l\u2019\u00fas de la pista de padel. Les dues reserves equivalen a 2 usos de pista.<\/p>\n\n\n\n<p><strong><sup>2<\/sup><\/strong><strong><sup>&nbsp; <\/sup><\/strong>en cas de quedar pistas lliures 24h abans, es permet fe \u00fas de les pistes i no contabilitzar\u00e0 com a reserva.<\/p>\n\n<\/div>\n\n\t<\/div>\n\n<\/div>\n\n\t<\/div>\n\n<\/div>\n\n\n\n<div style=\"height:100px\" aria-hidden=\"true\" class=\"wp-block-spacer\"><\/div>\n","protected":false},"excerpt":{"rendered":"","protected":false},"author":2,"featured_media":0,"parent":0,"menu_order":0,"comment_status":"closed","ping_status":"closed","template":"","meta":{"_acf_changed":false,"footnotes":""},"class_list":["post-46777","page","type-page","status-publish","hentry"],"acf":[],"_links":{"self":[{"href":"https:\/\/eurofitness.com\/es\/wp-json\/wp\/v2\/pages\/46777","targetHints":{"allow":["GET"]}}],"collection":[{"href":"https:\/\/eurofitness.com\/es\/wp-json\/wp\/v2\/pages"}],"about":[{"href":"https:\/\/eurofitness.com\/es\/wp-json\/wp\/v2\/types\/page"}],"author":[{"embeddable":true,"href":"https:\/\/eurofitness.com\/es\/wp-json\/wp\/v2\/users\/2"}],"replies":[{"embeddable":true,"href":"https:\/\/eurofitness.com\/es\/wp-json\/wp\/v2\/comments?post=46777"}],"version-history":[{"count":10,"href":"https:\/\/eurofitness.com\/es\/wp-json\/wp\/v2\/pages\/46777\/revisions"}],"predecessor-version":[{"id":47020,"href":"https:\/\/eurofitness.com\/es\/wp-json\/wp\/v2\/pages\/46777\/revisions\/47020"}],"wp:attachment":[{"href":"https:\/\/eurofitness.com\/es\/wp-json\/wp\/v2\/media?parent=46777"}],"curies":[{"name":"wp","href":"https:\/\/api.w.org\/{rel}","templated":true}]}}