{"id":47542,"date":"2026-04-02T07:38:16","date_gmt":"2026-04-02T07:38:16","guid":{"rendered":"https:\/\/eurofitness.com\/avantatges\/"},"modified":"2026-04-10T05:16:22","modified_gmt":"2026-04-10T05:16:22","slug":"avantatges","status":"publish","type":"page","link":"https:\/\/eurofitness.com\/es\/itaca-26\/avantatges\/","title":{"rendered":"Avantatges"},"content":{"rendered":"    <section class=\"hero-cover hero-cover-block wp-elements-6cbdce3c16c76becbc6c996938874382 has-neutral-light-color\">\n        <div class=\"hero-cover__wrapper\">\n            \n            <div id=\"\" class=\"page-cover has-thumbnail has-header-shadow banner light-theme  full-width container\">\n                <div class=\"page-cover__container align-items-end\">\n                                            <div class=\"container heading-wrapper\">\n                            <div class=\"row add-row-gap\">\n                                <div class=\"col-12 col-lg-7 col-xl-5\">\n                                    <div class=\"page-cover__heading align-\">\n                                        <div class=\"page-cover__heading-wrapper\">\n\n                                            \n                                            <div class=\"page-cover__heading-headline\">\n                                                <h1 class=\"heading-hero\">\u00cdtaca<\/h1>                                                                                            <\/div>\n\n\n                                            \n                                        <\/div>\n                                                                            <\/div>\n                                <\/div>\n                                                            <\/div>\n                        <\/div>\n                                                                                            <div class=\"container-fluid page-cover-thumbnail__container\">\n                                    <div class=\"parallax-trigger page-cover-thumbnail\" data-magic=\"parallax\">\n        <picture class=\"page-cover__picture parallax-trigger__item\" data-item=\"parallax-item\">\n            <img loading=\"lazy\" decoding=\"async\" width=\"733\" height=\"476\" src=\"https:\/\/eurofitness.com\/app\/uploads\/2026\/01\/iStock-637770668-2.jpg\" class=\"attachment-full size-full\" alt=\"\" srcset=\"https:\/\/eurofitness.com\/app\/uploads\/2026\/01\/iStock-637770668-2.jpg 733w, https:\/\/eurofitness.com\/app\/uploads\/2026\/01\/iStock-637770668-2-300x195.jpg 300w, https:\/\/eurofitness.com\/app\/uploads\/2026\/01\/iStock-637770668-2-360x234.jpg 360w\" sizes=\"auto, (max-width: 733px) 100vw, 733px\" \/>        <\/picture>\n    <\/div>\n                            <\/div>\n                                                            <\/div>\n            <\/div>\n        <\/div>\n    <\/section>\n\n\n<div class=\"wp-bootstrap-blocks-container container custom-block-spacing--small container-custom\">\n\t\n\n<nav class=\"page__submenu\">\n            <a href=\"https:\/\/eurofitness.com\/es\/itaca-26\/\">Protegido: Itaca<\/a>\n            <a href=\"https:\/\/eurofitness.com\/es\/itaca-26\/avantatges\/\" class=\"active\">Avantatges<\/a>\n            <a href=\"https:\/\/eurofitness.com\/es\/itaca-26\/noticies_blog\/\">Not\u00edcies\/Blog<\/a>\n            <a href=\"https:\/\/eurofitness.com\/es\/itaca-26\/formacions\/\">Formacions<\/a>\n            <a href=\"https:\/\/eurofitness.com\/es\/itaca-26\/stop-violencies\/\">STOP viol\u00e8ncies<\/a>\n    <\/nav>\n\n<\/div>\n\n\n<div class=\"wp-bootstrap-blocks-container container-lg custom-block-spacing--small container-custom\">\n\t\n\n<p>Un dels objectius del projecte \u00e9s oferir-vos beneficis que no pugueu trobar en altres llocs. Aquests avantatges poden ser tant monetaris com no monetaris: alguns estan directament relacionats amb l\u2019empresa, mentre que d\u2019altres s\u00f3n d\u2019establiments externs.<\/p>\n\n\n\n<p>Per aconseguir el descompte, s\u2019ha d\u2019ensenyar la targeta d\u2019Eurofitness. Si no la teniu, la podeu demanar a la recepci\u00f3 del centre.<\/p>\n\n<\/div>\n\n\n<div class=\"wp-bootstrap-blocks-container container-lg custom-block-spacing--small container-custom\">\n\t\n    <section class=\"icon-panel-block align-center\">\n                                    <div class=\"icon-panel icon-panel--compact\">\n                                            <div class=\"icon-panel__head \" >\n                            <picture class=\"icon-panel__icon\">\n                                <img loading=\"lazy\" decoding=\"async\" width=\"130\" height=\"58\" src=\"https:\/\/eurofitness.com\/app\/uploads\/2026\/04\/logos_0000_eurofitness.jpg\" class=\"attachment-fullsize size-fullsize\" alt=\"\" \/>                            <\/picture>\n                        <\/div>\n                                        <div class=\"icon-panel__body\">\n                        <h3 class=\"icon-panel__title\">Eurofitness<\/h3>\n                        <div class=\"icon-panel__description text-md\"><ul>\n<li>Acc\u00e9s gratu\u00eft al club que esculli per a tots els treballadors<\/li>\n<li>50% de descompte en cursets i campus<\/li>\n<li>Entrenaments personals a 25 \u20ac (preu de cost)<\/li>\n<li>Quota familiar d\u2019empleat (es poden apuntar m\u00e0xim 2 persones per empleat): 26 \u20ac per persona<\/li>\n<li>Formacions<\/li>\n<li>Asseguran\u00e7a m\u00e8dica<\/li>\n<li>Primer s\u2019ofereixen les vacants noves a treballadors d\u2019Eurofitness<\/li>\n<li><u>Fem-ho millor<\/u>: si presentes una idea nova o de millora pel gimn\u00e0s, i es considera bona i possible, se\u2019t donar\u00e0 un premi de 200\u20ac (2 cops a l\u2019any, reuni\u00f3 directors). Parla amb el director del teu centre.<\/li>\n<li><u>Millor company de l\u2019any<\/u>: val de 100\u20ac<\/li>\n<\/ul>\n<\/div>\n                    <\/div>\n                <\/div>\n                        <\/section>\n\n<\/div>\n\n\n<div class=\"wp-bootstrap-blocks-container container-lg custom-block-spacing--small container-custom\">\n\t\n    <section class=\"icon-panel-block custom-block-spacing--small align-center\">\n                                    <div class=\"icon-panel icon-panel--compact\">\n                                            <div class=\"icon-panel__head \" >\n                            <picture class=\"icon-panel__icon\">\n                                <img loading=\"lazy\" decoding=\"async\" width=\"130\" height=\"58\" src=\"https:\/\/eurofitness.com\/app\/uploads\/2026\/04\/logos_0002_Logo_olimfit.jpg\" class=\"attachment-fullsize size-fullsize\" alt=\"\" \/>                            <\/picture>\n                        <\/div>\n                                        <div class=\"icon-panel__body\">\n                        <h3 class=\"icon-panel__title\">Olimfit<\/h3>\n                        <div class=\"icon-panel__description text-md\"><p>Gratu\u00eft. <a href=\"https:\/\/www.olimfit.com\/\">Link<\/a><\/p>\n<\/div>\n                    <\/div>\n                <\/div>\n                            <div class=\"icon-panel icon-panel--compact\">\n                                            <div class=\"icon-panel__head \" >\n                            <picture class=\"icon-panel__icon\">\n                                <img loading=\"lazy\" decoding=\"async\" width=\"130\" height=\"58\" src=\"https:\/\/eurofitness.com\/app\/uploads\/2026\/04\/logos_0008_Logo_alfa5.jpg\" class=\"attachment-fullsize size-fullsize\" alt=\"\" \/>                            <\/picture>\n                        <\/div>\n                                        <div class=\"icon-panel__body\">\n                        <h3 class=\"icon-panel__title\">Alfa5<\/h3>\n                        <div class=\"icon-panel__description text-md\"><p>15% de dte. a les entrades de dilluns a divendres amb el codi EUROALFA15. <a href=\"https:\/\/alfa5xrsports.com\/\">Link<\/a><\/p>\n<\/div>\n                    <\/div>\n                <\/div>\n                            <div class=\"icon-panel icon-panel--compact\">\n                                            <div class=\"icon-panel__head \" >\n                            <picture class=\"icon-panel__icon\">\n                                <img loading=\"lazy\" decoding=\"async\" width=\"130\" height=\"58\" src=\"https:\/\/eurofitness.com\/app\/uploads\/2026\/04\/logos_0005_Logo_Euncet.jpg\" class=\"attachment-fullsize size-fullsize\" alt=\"\" \/>                            <\/picture>\n                        <\/div>\n                                        <div class=\"icon-panel__body\">\n                        <h3 class=\"icon-panel__title\">Euncet Business School <\/h3>\n                        <div class=\"icon-panel__description text-md\"><p><a href=\"https:\/\/www.euncet.com\/es\/\">Link<\/a><\/p>\n<\/div>\n                    <\/div>\n                <\/div>\n                            <div class=\"icon-panel icon-panel--compact\">\n                                            <div class=\"icon-panel__head \" >\n                            <picture class=\"icon-panel__icon\">\n                                <img loading=\"lazy\" decoding=\"async\" width=\"130\" height=\"58\" src=\"https:\/\/eurofitness.com\/app\/uploads\/2026\/04\/logos_00_edu.jpg\" class=\"attachment-fullsize size-fullsize\" alt=\"\" \/>                            <\/picture>\n                        <\/div>\n                                        <div class=\"icon-panel__body\">\n                        <h3 class=\"icon-panel__title\">Eurofitness Edu<\/h3>\n                        <div class=\"icon-panel__description text-md\"><p>50% DTE al curs de Salvament i Socorrisme. Consulta\u2019n les condicions al centre de formaci\u00f3. <a href=\"https:\/\/eurofitnessedu.com\/\">Link<\/a><\/p>\n<\/div>\n                    <\/div>\n                <\/div>\n                            <div class=\"icon-panel icon-panel--compact\">\n                                            <div class=\"icon-panel__head \" >\n                            <picture class=\"icon-panel__icon\">\n                                <img loading=\"lazy\" decoding=\"async\" width=\"130\" height=\"58\" src=\"https:\/\/eurofitness.com\/app\/uploads\/2026\/04\/logos_0003_Logo_museu.jpg\" class=\"attachment-fullsize size-fullsize\" alt=\"\" \/>                            <\/picture>\n                        <\/div>\n                                        <div class=\"icon-panel__body\">\n                        <h3 class=\"icon-panel__title\">Museu ol\u00edmpic i de l\u2019esport<\/h3>\n                        <div class=\"icon-panel__description text-md\"><p>50% de dte a la compra d\u2019entrades lliures. V\u00e0lid fins a un m\u00e0xim de 4 entrades. <a href=\"https:\/\/www.museuolimpicbcn.cat\/ca\/\">Link<\/a><\/p>\n<\/div>\n                    <\/div>\n                <\/div>\n                            <div class=\"icon-panel icon-panel--compact\">\n                                            <div class=\"icon-panel__head \" >\n                            <picture class=\"icon-panel__icon\">\n                                <img loading=\"lazy\" decoding=\"async\" width=\"130\" height=\"58\" src=\"https:\/\/eurofitness.com\/app\/uploads\/2026\/04\/logos_0007_Logo_clinicum.jpg\" class=\"attachment-fullsize size-fullsize\" alt=\"\" \/>                            <\/picture>\n                        <\/div>\n                                        <div class=\"icon-panel__body\">\n                        <h3 class=\"icon-panel__title\">Cl\u00ednicum<\/h3>\n                        <div class=\"icon-panel__description text-md\"><p><a href=\"https:\/\/www.clinicum.es\/\">Link<\/a><\/p>\n<\/div>\n                    <\/div>\n                <\/div>\n                            <div class=\"icon-panel icon-panel--compact\">\n                                            <div class=\"icon-panel__head \" >\n                            <picture class=\"icon-panel__icon\">\n                                <img loading=\"lazy\" decoding=\"async\" width=\"130\" height=\"58\" src=\"https:\/\/eurofitness.com\/app\/uploads\/2026\/04\/logos_0010_gonzaloco.jpg\" class=\"attachment-fullsize size-fullsize\" alt=\"\" \/>                            <\/picture>\n                        <\/div>\n                                        <div class=\"icon-panel__body\">\n                        <h3 class=\"icon-panel__title\">Gonzalez &#038; Co <\/h3>\n                        <div class=\"icon-panel__description text-md\"><p>20% de dte en compres superiors a 10\u20ac. <a href=\"https:\/\/www.gonzalezandco.com\/ca\/\">Link<\/a><\/p>\n<\/div>\n                    <\/div>\n                <\/div>\n                            <div class=\"icon-panel icon-panel--compact\">\n                                            <div class=\"icon-panel__head \" >\n                            <picture class=\"icon-panel__icon\">\n                                <img loading=\"lazy\" decoding=\"async\" width=\"130\" height=\"58\" src=\"https:\/\/eurofitness.com\/app\/uploads\/2026\/04\/logo_layers.jpg\" class=\"attachment-fullsize size-fullsize\" alt=\"\" \/>                            <\/picture>\n                        <\/div>\n                                        <div class=\"icon-panel__body\">\n                        <h3 class=\"icon-panel__title\">Layer of Reality <\/h3>\n                        <div class=\"icon-panel__description text-md\"><p>15% en produccions pr\u00f2pies. <a href=\"https:\/\/layersofreality.com\/\">Link<\/a><\/p>\n<\/div>\n                    <\/div>\n                <\/div>\n                            <div class=\"icon-panel icon-panel--compact\">\n                                            <div class=\"icon-panel__head \" >\n                            <picture class=\"icon-panel__icon\">\n                                <img loading=\"lazy\" decoding=\"async\" width=\"130\" height=\"58\" src=\"https:\/\/eurofitness.com\/app\/uploads\/2026\/04\/logos_02_Fosters-Hollywood-660x330-1.jpg\" class=\"attachment-fullsize size-fullsize\" alt=\"\" \/>                            <\/picture>\n                        <\/div>\n                                        <div class=\"icon-panel__body\">\n                        <h3 class=\"icon-panel__title\">Foster\u2019s Heron City<\/h3>\n                        <div class=\"icon-panel__description text-md\"><p>Descompte del 20% en men\u00fas pels treballadors (nom\u00e9s per a treballadors d&#8217;Eurofitness Can Drag\u00f3). <a href=\"https:\/\/www.eurofitness.com\/docs\/Itaca_Eurofitness\/250603%20FH%2020_%20DTO.%20Todos%20los%20dias%20RRSS%20590x340px%20EUROFITNESS%20CAN%20DRAGO.jpg\">Link<\/a><\/p>\n<\/div>\n                    <\/div>\n                <\/div>\n                            <div class=\"icon-panel icon-panel--compact\">\n                                            <div class=\"icon-panel__head \" >\n                            <picture class=\"icon-panel__icon\">\n                                <img loading=\"lazy\" decoding=\"async\" width=\"130\" height=\"58\" src=\"https:\/\/eurofitness.com\/app\/uploads\/2026\/04\/logos_001_images.jpg\" class=\"attachment-fullsize size-fullsize\" alt=\"\" \/>                            <\/picture>\n                        <\/div>\n                                        <div class=\"icon-panel__body\">\n                        <h3 class=\"icon-panel__title\">Vitaldent<\/h3>\n                        <div class=\"icon-panel__description text-md\"><p>Revisi\u00f3 i neteja anual gratu\u00efta per treballadors i familiars propers (nom\u00e9s per a treballadors d&#8217;Eurofitness Can Drag\u00f3). <a href=\"https:\/\/www.vitaldent.com\/es\/\">Link<\/a><\/p>\n<\/div>\n                    <\/div>\n                <\/div>\n                            <div class=\"icon-panel icon-panel--compact\">\n                                        <div class=\"icon-panel__body\">\n                        <h3 class=\"icon-panel__title\">The only Bar<\/h3>\n                        <div class=\"icon-panel__description text-md\"><p>10% descompte (nom\u00e9s per a treballadors d&#8217;Eurofitness Can Drag\u00f3).<\/p>\n<\/div>\n                    <\/div>\n                <\/div>\n                            <div class=\"icon-panel icon-panel--compact\">\n                                            <div class=\"icon-panel__head \" >\n                            <picture class=\"icon-panel__icon\">\n                                <img loading=\"lazy\" decoding=\"async\" width=\"130\" height=\"58\" src=\"https:\/\/eurofitness.com\/app\/uploads\/2026\/04\/logos_0003_ElRaco.jpg\" class=\"attachment-fullsize size-fullsize\" alt=\"\" \/>                            <\/picture>\n                        <\/div>\n                                        <div class=\"icon-panel__body\">\n                        <h3 class=\"icon-panel__title\">El Rac\u00f3<\/h3>\n                        <div class=\"icon-panel__description text-md\"><p>10% descompte (nom\u00e9s per a treballadors d&#8217;Eurofitness Perill).<\/p>\n<\/div>\n                    <\/div>\n                <\/div>\n                            <div class=\"icon-panel icon-panel--compact\">\n                                            <div class=\"icon-panel__head \" >\n                            <picture class=\"icon-panel__icon\">\n                                <img loading=\"lazy\" decoding=\"async\" width=\"130\" height=\"58\" src=\"https:\/\/eurofitness.com\/app\/uploads\/2026\/04\/logos_000_Logo_SCUEsport.jpg\" class=\"attachment-fullsize size-fullsize\" alt=\"\" \/>                            <\/picture>\n                        <\/div>\n                                        <div class=\"icon-panel__body\">\n                        <h3 class=\"icon-panel__title\">Sant Cugat Esports<\/h3>\n                        <div class=\"icon-panel__description text-md\"><p>20% de descompte a Sant Cugat Esports. Ubicaci\u00f3: rambla del celler 08172 Sant Cugat del Vall\u00e8s (nom\u00e9s per a treballadors d&#8217;Eurofitness Sant Cugat).<\/p>\n<\/div>\n                    <\/div>\n                <\/div>\n                        <\/section>\n\n<\/div>\n\n\n\n<p><\/p>\n","protected":false},"excerpt":{"rendered":"","protected":false},"author":2,"featured_media":46730,"parent":47540,"menu_order":2,"comment_status":"closed","ping_status":"closed","template":"","meta":{"_acf_changed":false,"footnotes":""},"class_list":["post-47542","page","type-page","status-publish","has-post-thumbnail","hentry"],"acf":[],"_links":{"self":[{"href":"https:\/\/eurofitness.com\/es\/wp-json\/wp\/v2\/pages\/47542","targetHints":{"allow":["GET"]}}],"collection":[{"href":"https:\/\/eurofitness.com\/es\/wp-json\/wp\/v2\/pages"}],"about":[{"href":"https:\/\/eurofitness.com\/es\/wp-json\/wp\/v2\/types\/page"}],"author":[{"embeddable":true,"href":"https:\/\/eurofitness.com\/es\/wp-json\/wp\/v2\/users\/2"}],"replies":[{"embeddable":true,"href":"https:\/\/eurofitness.com\/es\/wp-json\/wp\/v2\/comments?post=47542"}],"version-history":[{"count":5,"href":"https:\/\/eurofitness.com\/es\/wp-json\/wp\/v2\/pages\/47542\/revisions"}],"predecessor-version":[{"id":47607,"href":"https:\/\/eurofitness.com\/es\/wp-json\/wp\/v2\/pages\/47542\/revisions\/47607"}],"up":[{"embeddable":true,"href":"https:\/\/eurofitness.com\/es\/wp-json\/wp\/v2\/pages\/47540"}],"wp:featuredmedia":[{"embeddable":true,"href":"https:\/\/eurofitness.com\/es\/wp-json\/wp\/v2\/media\/46730"}],"wp:attachment":[{"href":"https:\/\/eurofitness.com\/es\/wp-json\/wp\/v2\/media?parent=47542"}],"curies":[{"name":"wp","href":"https:\/\/api.w.org\/{rel}","templated":true}]}}