{"id":47559,"date":"2026-04-02T09:16:51","date_gmt":"2026-04-02T09:16:51","guid":{"rendered":"https:\/\/eurofitness.com\/?page_id=47559"},"modified":"2026-04-20T08:15:30","modified_gmt":"2026-04-20T08:15:30","slug":"noticies_blog","status":"publish","type":"page","link":"https:\/\/eurofitness.com\/es\/itaca-26\/noticies_blog\/","title":{"rendered":"Not\u00edcies\/Blog"},"content":{"rendered":"    <section class=\"hero-cover hero-cover-block wp-elements-6cbdce3c16c76becbc6c996938874382 has-neutral-light-color\">\n        <div class=\"hero-cover__wrapper\">\n            \n            <div id=\"\" class=\"page-cover has-thumbnail has-header-shadow banner light-theme  full-width container\">\n                <div class=\"page-cover__container align-items-end\">\n                                            <div class=\"container heading-wrapper\">\n                            <div class=\"row add-row-gap\">\n                                <div class=\"col-12 col-lg-7 col-xl-5\">\n                                    <div class=\"page-cover__heading align-\">\n                                        <div class=\"page-cover__heading-wrapper\">\n\n                                            \n                                            <div class=\"page-cover__heading-headline\">\n                                                <h1 class=\"heading-hero\">\u00cdtaca<\/h1>                                                                                            <\/div>\n\n\n                                            \n                                        <\/div>\n                                                                            <\/div>\n                                <\/div>\n                                                            <\/div>\n                        <\/div>\n                                                                                            <div class=\"container-fluid page-cover-thumbnail__container\">\n                                    <div class=\"parallax-trigger page-cover-thumbnail\" data-magic=\"parallax\">\n        <picture class=\"page-cover__picture parallax-trigger__item\" data-item=\"parallax-item\">\n            <img loading=\"lazy\" decoding=\"async\" width=\"733\" height=\"476\" src=\"https:\/\/eurofitness.com\/app\/uploads\/2026\/01\/iStock-637770668-2.jpg\" class=\"attachment-full size-full\" alt=\"\" srcset=\"https:\/\/eurofitness.com\/app\/uploads\/2026\/01\/iStock-637770668-2.jpg 733w, https:\/\/eurofitness.com\/app\/uploads\/2026\/01\/iStock-637770668-2-300x195.jpg 300w, https:\/\/eurofitness.com\/app\/uploads\/2026\/01\/iStock-637770668-2-360x234.jpg 360w\" sizes=\"auto, (max-width: 733px) 100vw, 733px\" \/>        <\/picture>\n    <\/div>\n                            <\/div>\n                                                            <\/div>\n            <\/div>\n        <\/div>\n    <\/section>\n\n\n<div class=\"wp-bootstrap-blocks-container container custom-block-spacing--small container-custom\">\n\t\n\n<nav class=\"page__submenu\">\n            <a href=\"https:\/\/eurofitness.com\/es\/itaca-26\/\">Itaca<\/a>\n            <a href=\"https:\/\/eurofitness.com\/es\/itaca-26\/avantatges\/\">Avantatges<\/a>\n            <a href=\"https:\/\/eurofitness.com\/es\/itaca-26\/noticies_blog\/\" class=\"active\">Not\u00edcies\/Blog<\/a>\n            <a href=\"https:\/\/eurofitness.com\/es\/itaca-26\/formacions\/\">Formacions<\/a>\n            <a href=\"https:\/\/eurofitness.com\/es\/itaca-26\/stop-violencies\/\">STOP viol\u00e8ncies<\/a>\n    <\/nav>\n\n<\/div>\n\n\n<div class=\"wp-bootstrap-blocks-container container-lg custom-block-spacing--small container-custom\">\n\t\n\n<p>En aquest espai podreu llegir not\u00edcies relacionades amb l\u2019empresa i tamb\u00e9 articles m\u00e9s informals que qualsevol de vosaltres pot escriure. Si voleu publicar un article, nom\u00e9s cal que envieu el vostre redactat al seg\u00fcent correu (NO enviar amb format PDF): <strong>itaca@eurofitness.com<\/strong><\/p>\n\n\n\n<p>Exemples de continguts que es poden tractar:<\/p>\n\n\n\n<ul class=\"wp-block-list\">\n<li>Experi\u00e8ncies personals al lloc de treball<\/li>\n\n\n\n<li>Curiositats relacionades amb l\u2019esport,<\/li>\n\n\n\n<li>Salut mental en l\u2019\u00e0mbit laboral,<\/li>\n\n\n\n<li>Reflexions personals o professionals.<\/li>\n\n\n\n<li>Altres..<\/li>\n<\/ul>\n\n\n\n<p>Exemples espec\u00edfics (idees):<\/p>\n\n\n\n<ul class=\"wp-block-list\">\n<li>An\u00e8cdotes que nom\u00e9s passen en un gimn\u00e0s (i que ning\u00fa t\u2019explica)<\/li>\n\n\n\n<li>Coses que es trenquen m\u00e9s del que haurien (manteniment)<\/li>\n\n\n\n<li>Moments divertits o inusuals que passen al gimn\u00e0s (com objectes perduts curiosos)<\/li>\n\n\n\n<li>etc.<\/li>\n<\/ul>\n\n\n\n<p>I, per descomptat, si se us acudeix qualsevol altra idea, ser\u00e0 benvinguda! Aquest blog \u00e9s vostre i volem que hi poseu la vostra creativitat i experi\u00e8ncies.<\/p>\n\n<\/div>\n\n\n\n<p><\/p>\n","protected":false},"excerpt":{"rendered":"","protected":false},"author":2,"featured_media":46730,"parent":47540,"menu_order":3,"comment_status":"closed","ping_status":"closed","template":"","meta":{"_acf_changed":false,"footnotes":""},"class_list":["post-47559","page","type-page","status-publish","has-post-thumbnail","hentry"],"acf":[],"_links":{"self":[{"href":"https:\/\/eurofitness.com\/es\/wp-json\/wp\/v2\/pages\/47559","targetHints":{"allow":["GET"]}}],"collection":[{"href":"https:\/\/eurofitness.com\/es\/wp-json\/wp\/v2\/pages"}],"about":[{"href":"https:\/\/eurofitness.com\/es\/wp-json\/wp\/v2\/types\/page"}],"author":[{"embeddable":true,"href":"https:\/\/eurofitness.com\/es\/wp-json\/wp\/v2\/users\/2"}],"replies":[{"embeddable":true,"href":"https:\/\/eurofitness.com\/es\/wp-json\/wp\/v2\/comments?post=47559"}],"version-history":[{"count":2,"href":"https:\/\/eurofitness.com\/es\/wp-json\/wp\/v2\/pages\/47559\/revisions"}],"predecessor-version":[{"id":47740,"href":"https:\/\/eurofitness.com\/es\/wp-json\/wp\/v2\/pages\/47559\/revisions\/47740"}],"up":[{"embeddable":true,"href":"https:\/\/eurofitness.com\/es\/wp-json\/wp\/v2\/pages\/47540"}],"wp:featuredmedia":[{"embeddable":true,"href":"https:\/\/eurofitness.com\/es\/wp-json\/wp\/v2\/media\/46730"}],"wp:attachment":[{"href":"https:\/\/eurofitness.com\/es\/wp-json\/wp\/v2\/media?parent=47559"}],"curies":[{"name":"wp","href":"https:\/\/api.w.org\/{rel}","templated":true}]}}