{"id":47800,"date":"2026-04-21T13:03:20","date_gmt":"2026-04-21T13:03:20","guid":{"rendered":"https:\/\/eurofitness.com\/longevital\/"},"modified":"2026-04-23T06:54:03","modified_gmt":"2026-04-23T06:54:03","slug":"longevital","status":"publish","type":"page","link":"https:\/\/eurofitness.com\/es\/longevital\/","title":{"rendered":"Longevital"},"content":{"rendered":"    <section class=\"hero-cover hero-cover-block wp-elements-bcaa5522e5392ff64b1cc2c8a3ac2653 has-neutral-950-color\">\n        <div class=\"hero-cover__wrapper\">\n            \n            <div id=\"\" class=\"page-cover has-thumbnail has-header-shadow banner light-theme  full-width container\">\n                <div class=\"page-cover__container align-items-start\">\n                                                                                            <div class=\"container-fluid page-cover-thumbnail__container\">\n                                    <div class=\"parallax-trigger page-cover-thumbnail\" data-magic=\"parallax\">\n        <picture class=\"page-cover__picture parallax-trigger__item\" data-item=\"parallax-item\">\n            <img loading=\"lazy\" decoding=\"async\" width=\"1442\" height=\"575\" src=\"https:\/\/eurofitness.com\/app\/uploads\/2026\/04\/longevital.jpg\" class=\"attachment-full size-full\" alt=\"\" srcset=\"https:\/\/eurofitness.com\/app\/uploads\/2026\/04\/longevital.jpg 1442w, https:\/\/eurofitness.com\/app\/uploads\/2026\/04\/longevital-300x120.jpg 300w, https:\/\/eurofitness.com\/app\/uploads\/2026\/04\/longevital-1024x408.jpg 1024w, https:\/\/eurofitness.com\/app\/uploads\/2026\/04\/longevital-768x306.jpg 768w, https:\/\/eurofitness.com\/app\/uploads\/2026\/04\/longevital-360x144.jpg 360w\" sizes=\"auto, (max-width: 1442px) 100vw, 1442px\" \/>        <\/picture>\n    <\/div>\n                            <\/div>\n                                                            <\/div>\n            <\/div>\n        <\/div>\n    <\/section>\n\n\n\n<div style=\"height:100px\" aria-hidden=\"true\" class=\"wp-block-spacer\"><\/div>\n\n\n\n<div class=\"wp-block-group has-secondary-color has-text-color has-link-color wp-elements-6bf5395b2045a0e9e2f2312dc261d22f is-layout-constrained wp-container-core-group-is-layout-b19b8825 wp-block-group-is-layout-constrained\"><div class=\"wp-bootstrap-blocks-container container mb-0\">\n\t\n\n<figure class=\"wp-block-image size-large\"><img loading=\"lazy\" decoding=\"async\" width=\"1024\" height=\"165\" src=\"https:\/\/eurofitness.com\/app\/uploads\/2026\/04\/longevital_Color_-1024x165.png\" alt=\"\" class=\"wp-image-47750\" srcset=\"https:\/\/eurofitness.com\/app\/uploads\/2026\/04\/longevital_Color_-1024x165.png 1024w, https:\/\/eurofitness.com\/app\/uploads\/2026\/04\/longevital_Color_-300x48.png 300w, https:\/\/eurofitness.com\/app\/uploads\/2026\/04\/longevital_Color_-768x124.png 768w, https:\/\/eurofitness.com\/app\/uploads\/2026\/04\/longevital_Color_-360x58.png 360w, https:\/\/eurofitness.com\/app\/uploads\/2026\/04\/longevital_Color_.png 1181w\" sizes=\"auto, (max-width: 1024px) 100vw, 1024px\" \/><\/figure>\n\n\n\n<h1 class=\"wp-block-heading has-text-align-center\"><strong>Programa +VITAL<\/strong><\/h1>\n\n\n\n<h2 class=\"wp-block-heading has-text-align-center\"><strong>Salud, fuerza y autonom\u00eda para vivir mejor.<\/strong><\/h2>\n\n\n\n<p class=\"has-text-align-center\">Todos queremos vivir m\u00e1s a\u00f1os, pero sobre todo queremos vivirlos con calidad. La ciencia lo confirma: el ejercicio f\u00edsico es esencial para envejecer con salud, autonom\u00eda y bienestar. En Eurofitness hemos creado el Programa+VITAL, un entrenamiento pensado para personas que quieren cuidarse de forma segura, guiada y efectiva.<\/p>\n\n\n\n<div style=\"height:20px\" aria-hidden=\"true\" class=\"wp-block-spacer\"><\/div>\n\n\n\n<div style=\"height:50px\" aria-hidden=\"true\" class=\"wp-block-spacer\"><\/div>\n\n<\/div>\n<\/div>\n\n\n\n<div class=\"wp-block-cover is-light\" style=\"min-height:654px;aspect-ratio:unset;\"><span aria-hidden=\"true\" class=\"wp-block-cover__background has-primary-background-color has-background-dim-10 has-background-dim\"><\/span><div class=\"wp-block-cover__inner-container is-layout-constrained wp-block-cover-is-layout-constrained\"><div class=\"wp-bootstrap-blocks-container container-lg custom-block-spacing\">\n\t\n<section class=\"icon-grid-block \" >\n    <header class=\"icon-grid-block__header\">\n        <h2 class=\"icon-grid-block__title\">\u00bfQue entrenamos?<\/h2>\n    <\/header>\n    <div class=\"icon-grid-block__wrapper\">\n                    <article class=\"icon-grid-block__item card\">\n                <img decoding=\"async\" src=\"https:\/\/eurofitness.com\/app\/uploads\/2024\/09\/icon-arm.svg\" class=\"item__icon\" alt=\"\" \/>                <p>Fuerza y resistencia.<\/p>\n            <\/article>\n                    <article class=\"icon-grid-block__item card\">\n                <img decoding=\"async\" src=\"https:\/\/eurofitness.com\/app\/uploads\/2026\/04\/espalda-3.svg\" class=\"item__icon\" alt=\"\" \/>                <p>Esenciales para actividades del d\u00eda a d\u00eda como caminar, subir escaleras o cargar peso.<\/p>\n            <\/article>\n                    <article class=\"icon-grid-block__item card\">\n                <img decoding=\"async\" src=\"https:\/\/eurofitness.com\/app\/uploads\/2026\/04\/espalda-2.svg\" class=\"item__icon\" alt=\"\" \/>                <p>Equilibrio y coordinaci\u00f3n (Clave para prevenir ca\u00eddas)<\/p>\n            <\/article>\n                    <article class=\"icon-grid-block__item card\">\n                <img decoding=\"async\" src=\"https:\/\/eurofitness.com\/app\/uploads\/2026\/04\/dance.svg\" class=\"item__icon\" alt=\"\" \/>                <p>Movilidad (Para mantener el cuerpo \u00e1gil y funcional)<\/p>\n            <\/article>\n                    <article class=\"icon-grid-block__item card\">\n                                <p><\/p>\n            <\/article>\n            <\/div>\n<\/section>\n<\/div>\n\n\n\n<div style=\"height:28px\" aria-hidden=\"true\" class=\"wp-block-spacer\"><\/div>\n\n\n\n<p class=\"has-text-align-center\"><em>*Tots els exercicis s\u2019adapten al nivell de cada persona i a possibles limitacions o patologies.<\/em><\/p>\n<\/div><\/div>\n\n\n\n<div class=\"wp-block-cover is-light has-secondary-color has-text-color has-link-color wp-elements-e5de3365fb410755d948f02ec9dcd425\"><span aria-hidden=\"true\" class=\"wp-block-cover__background has-neutral-light-background-color has-background-dim-100 has-background-dim\"><\/span><div class=\"wp-block-cover__inner-container is-layout-constrained wp-block-cover-is-layout-constrained\">\n<div style=\"height:40px\" aria-hidden=\"true\" class=\"wp-block-spacer\"><\/div>\n\n\n\n<h2 class=\"wp-block-heading has-text-align-center has-large-font-size\"><strong>Seguiment i evoluci\u00f3<\/strong><\/h2>\n\n\n\n<div style=\"height:50px\" aria-hidden=\"true\" class=\"wp-block-spacer\"><\/div>\n\n\n<div class=\"wp-bootstrap-blocks-container container-fluid container-custom\">\n\t\n\n<div class=\"wp-block-columns column-image--right is-layout-flex wp-container-core-columns-is-layout-9d6595d7 wp-block-columns-is-layout-flex\">\n<div class=\"wp-block-column is-vertically-aligned-center is-layout-flow wp-block-column-is-layout-flow\">\n<p>El programa incluye un control completo de tu evoluci\u00f3n:<\/p>\n\n\n\n<div class=\"checklist-block \" >\n    <div class=\"checklist\">\n        <div class=\"acf-innerblocks-container\">\n\n<ul class=\"wp-block-list\">\n<li><strong>Semana 1<\/strong> \u2013 Evaluaci\u00f3n inicial, Tests de fuerza, velocidad y equilibrio<\/li>\n\n\n\n<li><strong>Semanas 2\u20136<\/strong> \u2013 Entrenamiento<\/li>\n\n\n\n<li><strong>Semana 6<\/strong> \u2013 Evaluaci\u00f3n intermedia, Ajuste del programa seg\u00fan resultados<\/li>\n\n\n\n<li><strong>Semanas 7\u201311<\/strong> \u2013 Entrenamiento<\/li>\n\n\n\n<li><strong>Semana 12<\/strong> \u2013 Evaluaci\u00f3n final<\/li>\n<\/ul>\n\n<\/div>\n    <\/div>\n<\/div><\/div>\n\n\n\n<div class=\"wp-block-column column-image is-layout-flow wp-block-column-is-layout-flow\" style=\"flex-basis:56%\">\n<figure class=\"wp-block-image aligncenter size-full has-custom-border\" id=\"br-xs\"><img loading=\"lazy\" decoding=\"async\" width=\"600\" height=\"394\" src=\"https:\/\/eurofitness.com\/app\/uploads\/2026\/04\/2.png\" alt=\"\" class=\"wp-image-47754\" style=\"border-radius:9px\" srcset=\"https:\/\/eurofitness.com\/app\/uploads\/2026\/04\/2.png 600w, https:\/\/eurofitness.com\/app\/uploads\/2026\/04\/2-300x197.png 300w, https:\/\/eurofitness.com\/app\/uploads\/2026\/04\/2-360x236.png 360w\" sizes=\"auto, (max-width: 600px) 100vw, 600px\" \/><\/figure>\n<\/div>\n<\/div>\n\n<\/div>\n\n\n\n<div style=\"height:40px\" aria-hidden=\"true\" class=\"wp-block-spacer\"><\/div>\n<\/div><\/div>\n\n\n\n<div class=\"wp-block-cover is-light\"><span aria-hidden=\"true\" class=\"wp-block-cover__background has-primary-background-color has-background-dim-10 has-background-dim\"><\/span><div class=\"wp-block-cover__inner-container is-layout-constrained wp-block-cover-is-layout-constrained\">\n<div class=\"wp-block-group is-layout-constrained wp-container-core-group-is-layout-b19b8825 wp-block-group-is-layout-constrained\"><div class=\"wp-bootstrap-blocks-container container mb-0\">\n\t\n\n<div style=\"height:59px\" aria-hidden=\"true\" class=\"wp-block-spacer\"><\/div>\n\n\n\n<h1 class=\"wp-block-heading has-text-align-center has-secondary-color has-text-color has-link-color wp-elements-bc57ea6b3a485e87c5270f572a1ac0a8\"><strong>Informe m\u00e9dico-esportivo<\/strong><\/h1>\n\n\n\n<p class=\"has-text-align-center has-secondary-color has-text-color has-link-color wp-elements-4850a48175bf17bac304cef9e3917121\">Al final del programa recibir\u00e1s un informe completo con tus resultados, que podr\u00e1s compartir con tu m\u00e9dico.<\/p>\n\n\n\n<figure class=\"wp-block-image aligncenter size-full has-custom-border is-style-default\"><img loading=\"lazy\" decoding=\"async\" width=\"842\" height=\"595\" src=\"https:\/\/eurofitness.com\/app\/uploads\/2026\/04\/informe.jpg\" alt=\"\" class=\"has-border-color has-secondary-border-color wp-image-47760\" style=\"border-width:6px;border-radius:6px\" srcset=\"https:\/\/eurofitness.com\/app\/uploads\/2026\/04\/informe.jpg 842w, https:\/\/eurofitness.com\/app\/uploads\/2026\/04\/informe-300x212.jpg 300w, https:\/\/eurofitness.com\/app\/uploads\/2026\/04\/informe-768x543.jpg 768w, https:\/\/eurofitness.com\/app\/uploads\/2026\/04\/informe-360x254.jpg 360w\" sizes=\"auto, (max-width: 842px) 100vw, 842px\" \/><\/figure>\n\n\n\n<div style=\"height:100px\" aria-hidden=\"true\" class=\"wp-block-spacer\"><\/div>\n\n<\/div>\n<\/div>\n<\/div><\/div>\n\n\n\n<div style=\"height:100px\" aria-hidden=\"true\" class=\"wp-block-spacer\"><\/div>\n\n\n\n<div class=\"wp-block-group has-secondary-color has-text-color has-link-color wp-elements-5759f6040a4fbe35c1869f0d22c18990 is-layout-constrained wp-container-core-group-is-layout-b19b8825 wp-block-group-is-layout-constrained\"><div class=\"wp-bootstrap-blocks-container container mb-0\">\n\t\n\n<h1 class=\"wp-block-heading has-text-align-center has-secondary-color has-text-color has-link-color wp-elements-e2b56036719690a35eb96eb5a4f287f5\">On puc fer <strong>Programa+VITAL<\/strong>?<\/h1>\n\n\n\n<div style=\"height:20px\" aria-hidden=\"true\" class=\"wp-block-spacer\"><\/div>\n\n<\/div>\n\n\n\n<div class=\"wp-block-group is-layout-grid wp-container-core-group-is-layout-1bf68da8 wp-block-group-is-layout-grid\" style=\"border-style:none;border-width:0px\">\n<div class=\"wp-block-group is-layout-constrained wp-block-group-is-layout-constrained\">\n<h2 class=\"wp-block-heading has-text-align-center has-secondary-color has-text-color has-link-color wp-elements-5ee557777f5f4e34f0fd92a28a017514\"><strong>Eurofitness Perill<\/strong><\/h2>\n\n\n\n<ul class=\"wp-block-list has-secondary-color has-text-color has-link-color wp-elements-8d42a52f729c4d248ddd669d752e97a6\">\n<li>Lunes y mi\u00e9rcoles \u2013 10:00 h<\/li>\n\n\n\n<li>Mares y jueves \u2013 11:00 h<\/li>\n<\/ul>\n<\/div>\n\n\n\n<div class=\"wp-block-group has-secondary-color has-text-color has-link-color wp-elements-9fcc27cb1bbb0b6677b5770396f24ee4 is-layout-constrained wp-block-group-is-layout-constrained\">\n<h2 class=\"wp-block-heading has-text-align-center\"><strong>Eurofitness Sant Cugat<\/strong><\/h2>\n\n\n\n<ul class=\"wp-block-list\">\n<li>Miercoles y viernes \u2013 12:00 h<\/li>\n<\/ul>\n<\/div>\n\n\n\n<div class=\"wp-block-group is-layout-constrained wp-block-group-is-layout-constrained\">\n<h2 class=\"wp-block-heading has-text-align-center\"><strong>Eurofitness <strong>Viladecans<\/strong><\/strong><\/h2>\n\n\n\n<ul class=\"wp-block-list\">\n<li>Mi\u00e9rcoles y viernes  \u2013 9:15 h<\/li>\n<\/ul>\n<\/div>\n\n\n\n<div class=\"wp-block-group is-layout-constrained wp-block-group-is-layout-constrained\">\n<h2 class=\"wp-block-heading has-text-align-center\"><strong>Eurofitness <strong>Can Drag\u00f3<\/strong><\/strong><\/h2>\n\n\n\n<ul class=\"wp-block-list\">\n<li>Martes y jueves \u2013 9:00 h<\/li>\n<\/ul>\n<\/div>\n<\/div>\n<\/div>\n\n\n\n<div style=\"height:100px\" aria-hidden=\"true\" class=\"wp-block-spacer\"><\/div>\n\n\n    <section class=\"hero-cover hero-cover-block wp-elements-4042f84b6da5129e5a26110b7496e477 has-neutral-light-color\">\n        <div class=\"hero-cover__wrapper\">\n            \n            <div id=\"\" class=\"page-cover has-thumbnail has-gradient banner light-theme   container\">\n                <div class=\"page-cover__container align-items-end\">\n                                            <div class=\"container heading-wrapper\">\n                            <div class=\"row add-row-gap\">\n                                <div class=\"col-12 col-lg-7 col-xl-5\">\n                                    <div class=\"page-cover__heading align-\">\n                                        <div class=\"page-cover__heading-wrapper\">\n\n                                            \n                                            <div class=\"page-cover__heading-headline\">\n                                                <h2 class=\"heading-hero\">Da el primer paso<\/h2>                                                                                            <\/div>\n\n\n                                                                                            <div class=\"page-cover__heading-content text-xl\">\n                                                    <p>Mejora tu salud, tu fuerza y tu calidad de vida con un programa seguro, guiado y pensado para ti.<\/p>\n<p>Ap\u00fantate al Programa+VITAL y empieza a cuidar tu futuro hoy.<\/p>\n                                                <\/div>\n                                            \n                                        <\/div>\n                                                                            <\/div>\n                                <\/div>\n                                                            <\/div>\n                        <\/div>\n                                                                                            <div class=\"container-fluid page-cover-thumbnail__container\">\n                                    <div class=\"parallax-trigger page-cover-thumbnail\" data-magic=\"parallax\">\n        <picture class=\"page-cover__picture parallax-trigger__item\" data-item=\"parallax-item\">\n            <img loading=\"lazy\" decoding=\"async\" width=\"1253\" height=\"836\" src=\"https:\/\/eurofitness.com\/app\/uploads\/2026\/04\/iStock-2067990662.jpg\" class=\"attachment-full size-full\" alt=\"\" srcset=\"https:\/\/eurofitness.com\/app\/uploads\/2026\/04\/iStock-2067990662.jpg 1253w, https:\/\/eurofitness.com\/app\/uploads\/2026\/04\/iStock-2067990662-300x200.jpg 300w, https:\/\/eurofitness.com\/app\/uploads\/2026\/04\/iStock-2067990662-1024x683.jpg 1024w, https:\/\/eurofitness.com\/app\/uploads\/2026\/04\/iStock-2067990662-768x512.jpg 768w, https:\/\/eurofitness.com\/app\/uploads\/2026\/04\/iStock-2067990662-360x240.jpg 360w\" sizes=\"auto, (max-width: 1253px) 100vw, 1253px\" \/>        <\/picture>\n    <\/div>\n                            <\/div>\n                                                            <\/div>\n            <\/div>\n        <\/div>\n    <\/section>\n\n\n\n<div style=\"height:100px\" aria-hidden=\"true\" class=\"wp-block-spacer\"><\/div>\n","protected":false},"excerpt":{"rendered":"<p>Eurofitness Perill Eurofitness Sant Cugat Eurofitness Viladecans Eurofitness Can Drag\u00f3<\/p>\n","protected":false},"author":2,"featured_media":0,"parent":0,"menu_order":7,"comment_status":"closed","ping_status":"closed","template":"","meta":{"_acf_changed":false,"footnotes":""},"class_list":["post-47800","page","type-page","status-publish","hentry"],"acf":[],"_links":{"self":[{"href":"https:\/\/eurofitness.com\/es\/wp-json\/wp\/v2\/pages\/47800","targetHints":{"allow":["GET"]}}],"collection":[{"href":"https:\/\/eurofitness.com\/es\/wp-json\/wp\/v2\/pages"}],"about":[{"href":"https:\/\/eurofitness.com\/es\/wp-json\/wp\/v2\/types\/page"}],"author":[{"embeddable":true,"href":"https:\/\/eurofitness.com\/es\/wp-json\/wp\/v2\/users\/2"}],"replies":[{"embeddable":true,"href":"https:\/\/eurofitness.com\/es\/wp-json\/wp\/v2\/comments?post=47800"}],"version-history":[{"count":1,"href":"https:\/\/eurofitness.com\/es\/wp-json\/wp\/v2\/pages\/47800\/revisions"}],"predecessor-version":[{"id":47802,"href":"https:\/\/eurofitness.com\/es\/wp-json\/wp\/v2\/pages\/47800\/revisions\/47802"}],"wp:attachment":[{"href":"https:\/\/eurofitness.com\/es\/wp-json\/wp\/v2\/media?parent=47800"}],"curies":[{"name":"wp","href":"https:\/\/api.w.org\/{rel}","templated":true}]}}